{"id":2964,"date":"2024-01-14T12:13:03","date_gmt":"2024-01-14T11:13:03","guid":{"rendered":"https:\/\/dolati.shop\/?post_type=product&#038;p=2964"},"modified":"2026-04-23T18:09:50","modified_gmt":"2026-04-23T16:09:50","slug":"arbre-a-mugs-porte-tasses-mural-23-branches-metal-blanc","status":"publish","type":"product","link":"https:\/\/dolati.shop\/index.php\/product\/arbre-a-mugs-porte-tasses-mural-23-branches-metal-blanc\/","title":{"rendered":"Arbre \u00e0 mugs \/ porte-tasses mural 23 branches m\u00e9tal blanc"},"content":{"rendered":"\n<figure class=\"wp-block-image\"><img decoding=\"async\" src=\"https:\/\/img.ankorstore.com\/brands\/rounded\/26420-47dfa2e66ff500.jpg?auto=format%2Ccompress&amp;fm=pjpg&amp;dpr=1&amp;w=72\" alt=\"Decoclico\" \/><\/figure>\n\n\n\n<p>Decoclico<\/p>\n","protected":false},"excerpt":{"rendered":"<p>Description<br \/>23 pat\u00e8res\/crochet pour accrocher ustensiles ou mugs, torrchons ou serviettes, paniers, ciseaux, passoire.. <br \/>Quelque soit la pi\u00e8ce de la maison. Fix\u00e9e au mur pr\u00e8s de l&rsquo;\u00e9vier dans une cusine, dans l&rsquo;entr\u00e9e en mode vide-poche plus sophistiqu\u00e9, dans une salle de bains pour les serviettes, les essuie-mains, la cr\u00e8me, dans le garage pour y suspendre les petits outils, dans le cellier&#8230;<br \/>Deux encoches permettent de le fixer au mur (la visserie est non incluse). <br \/>Aussi bien sur un mur blanc pur que sur un mur peint d&rsquo;une couleur chaude, cet arbre \u00e0 mugs est une jolie id\u00e9e gain de place. <\/p>\n<p>Dimensions<br \/>L 40 x H 76 cm x 5cm<\/p>\n<p>M\u00e9tal<\/p>\n","protected":false},"featured_media":2965,"comment_status":"open","ping_status":"closed","template":"","meta":[],"product_brand":[],"product_cat":[124,17,145],"product_tag":[],"class_list":{"0":"post-2964","1":"product","2":"type-product","3":"status-publish","4":"has-post-thumbnail","6":"product_cat-accessoires","7":"product_cat-decoration-murale","8":"product_cat-toute-la-collection","10":"first","11":"outofstock","12":"purchasable","13":"product-type-simple","14":"customify-col","15":"product-has-gallery"},"mb":[],"jetpack_sharing_enabled":true,"mfb_rest_fields":["title","jetpack_sharing_enabled","gutenberg_elementor_mode"],"_links":{"self":[{"href":"https:\/\/dolati.shop\/index.php\/wp-json\/wp\/v2\/product\/2964","targetHints":{"allow":["GET"]}}],"collection":[{"href":"https:\/\/dolati.shop\/index.php\/wp-json\/wp\/v2\/product"}],"about":[{"href":"https:\/\/dolati.shop\/index.php\/wp-json\/wp\/v2\/types\/product"}],"replies":[{"embeddable":true,"href":"https:\/\/dolati.shop\/index.php\/wp-json\/wp\/v2\/comments?post=2964"}],"version-history":[{"count":1,"href":"https:\/\/dolati.shop\/index.php\/wp-json\/wp\/v2\/product\/2964\/revisions"}],"predecessor-version":[{"id":2967,"href":"https:\/\/dolati.shop\/index.php\/wp-json\/wp\/v2\/product\/2964\/revisions\/2967"}],"wp:featuredmedia":[{"embeddable":true,"href":"https:\/\/dolati.shop\/index.php\/wp-json\/wp\/v2\/media\/2965"}],"wp:attachment":[{"href":"https:\/\/dolati.shop\/index.php\/wp-json\/wp\/v2\/media?parent=2964"}],"wp:term":[{"taxonomy":"product_brand","embeddable":true,"href":"https:\/\/dolati.shop\/index.php\/wp-json\/wp\/v2\/product_brand?post=2964"},{"taxonomy":"product_cat","embeddable":true,"href":"https:\/\/dolati.shop\/index.php\/wp-json\/wp\/v2\/product_cat?post=2964"},{"taxonomy":"product_tag","embeddable":true,"href":"https:\/\/dolati.shop\/index.php\/wp-json\/wp\/v2\/product_tag?post=2964"}],"curies":[{"name":"wp","href":"https:\/\/api.w.org\/{rel}","templated":true}]}}