{"id":2961,"date":"2024-01-14T12:04:36","date_gmt":"2024-01-14T11:04:36","guid":{"rendered":"https:\/\/dolati.shop\/?post_type=product&#038;p=2961"},"modified":"2024-01-14T12:23:51","modified_gmt":"2024-01-14T11:23:51","slug":"vase-pot-a-lait-en-metal-vert-olive-h245-cm-tosca","status":"publish","type":"product","link":"https:\/\/dolati.shop\/index.php\/product\/vase-pot-a-lait-en-metal-vert-olive-h245-cm-tosca\/","title":{"rendered":"Vase pot \u00e0 lait en m\u00e9tal vert olive H24,5 cm &#8211; Tosca"},"content":{"rendered":"\n<figure class=\"wp-block-image\"><img decoding=\"async\" src=\"https:\/\/img.ankorstore.com\/brands\/rounded\/26420-47dfa2e66ff500.jpg?auto=format%2Ccompress&amp;fm=pjpg&amp;dpr=1&amp;w=72\" alt=\"Decoclico\" \/><\/figure>\n\n\n\n<p>Decoclico<\/p>\n","protected":false},"excerpt":{"rendered":"<p>Description<br \/>Vases Tosca esprit pot \u00e0 lait.<br \/>Ce mod\u00e8le associe avec harmonie une forme d&rsquo;antan, un c\u00f4t\u00e9 graphique contemporain, et une mati\u00e8re m\u00e9tal finition mate au touch\u00e9 sabl\u00e9. <br \/>Aussi beau seul qu&rsquo;avec un bouquet <\/p>\n<p>Dimensions<br \/>Diam\u00e8tre 17,5 cm<br \/>Hauteur 24,5 cm <br \/>Diam\u00e8tre ouverture: 7,8 cm<\/p>\n<p>M\u00e9tal<\/p>\n","protected":false},"featured_media":2962,"comment_status":"open","ping_status":"closed","template":"","meta":[],"product_brand":[],"product_cat":[145,28],"product_tag":[],"class_list":{"0":"post-2961","1":"product","2":"type-product","3":"status-publish","4":"has-post-thumbnail","6":"product_cat-toute-la-collection","7":"product_cat-vases","9":"first","10":"instock","11":"purchasable","12":"product-type-simple","13":"customify-col"},"mb":[],"jetpack_sharing_enabled":true,"mfb_rest_fields":["title","jetpack_sharing_enabled","gutenberg_elementor_mode"],"_links":{"self":[{"href":"https:\/\/dolati.shop\/index.php\/wp-json\/wp\/v2\/product\/2961","targetHints":{"allow":["GET"]}}],"collection":[{"href":"https:\/\/dolati.shop\/index.php\/wp-json\/wp\/v2\/product"}],"about":[{"href":"https:\/\/dolati.shop\/index.php\/wp-json\/wp\/v2\/types\/product"}],"replies":[{"embeddable":true,"href":"https:\/\/dolati.shop\/index.php\/wp-json\/wp\/v2\/comments?post=2961"}],"version-history":[{"count":1,"href":"https:\/\/dolati.shop\/index.php\/wp-json\/wp\/v2\/product\/2961\/revisions"}],"predecessor-version":[{"id":2963,"href":"https:\/\/dolati.shop\/index.php\/wp-json\/wp\/v2\/product\/2961\/revisions\/2963"}],"wp:featuredmedia":[{"embeddable":true,"href":"https:\/\/dolati.shop\/index.php\/wp-json\/wp\/v2\/media\/2962"}],"wp:attachment":[{"href":"https:\/\/dolati.shop\/index.php\/wp-json\/wp\/v2\/media?parent=2961"}],"wp:term":[{"taxonomy":"product_brand","embeddable":true,"href":"https:\/\/dolati.shop\/index.php\/wp-json\/wp\/v2\/product_brand?post=2961"},{"taxonomy":"product_cat","embeddable":true,"href":"https:\/\/dolati.shop\/index.php\/wp-json\/wp\/v2\/product_cat?post=2961"},{"taxonomy":"product_tag","embeddable":true,"href":"https:\/\/dolati.shop\/index.php\/wp-json\/wp\/v2\/product_tag?post=2961"}],"curies":[{"name":"wp","href":"https:\/\/api.w.org\/{rel}","templated":true}]}}