{"id":2835,"date":"2023-12-21T16:44:38","date_gmt":"2023-12-21T15:44:38","guid":{"rendered":"https:\/\/dolati.shop\/?post_type=product&#038;p=2835"},"modified":"2023-12-21T16:50:01","modified_gmt":"2023-12-21T15:50:01","slug":"panier-rond-bicolore-en-jonc-de-mer","status":"publish","type":"product","link":"https:\/\/dolati.shop\/index.php\/product\/panier-rond-bicolore-en-jonc-de-mer\/","title":{"rendered":"Panier rond bicolore en jonc de mer"},"content":{"rendered":"\n<figure class=\"wp-block-image\"><img decoding=\"async\" src=\"https:\/\/img.ankorstore.com\/brands\/rounded\/6828-47e0196c8350cc.jpg?auto=format%2Ccompress&amp;fm=pjpg&amp;dpr=1&amp;w=72\" alt=\"CALICOSY (ex-CASAME)\" \/><\/figure>\n\n\n\n<p>CALICOSY<\/p>\n","protected":false},"excerpt":{"rendered":"<p>Description<br \/>Le panier rond bicolore en jonc de mer est con\u00e7u de mani\u00e8re \u00e0 vous garantir solidit\u00e9 et r\u00e9sistance \u00e0 travers le temps.<\/p>\n<p>Mati\u00e8re: <br \/>Jonc de mer (fibre naturelle)<\/p>\n<p>Dimensions<br \/>36.5cmx37cmx37cm<br \/>Hauteur 46cm avec poign\u00e9es<\/p>\n","protected":false},"featured_media":2836,"comment_status":"open","ping_status":"closed","template":"","meta":[],"product_brand":[],"product_cat":[79,145],"product_tag":[],"class_list":{"0":"post-2835","1":"product","2":"type-product","3":"status-publish","4":"has-post-thumbnail","6":"product_cat-paniers","7":"product_cat-toute-la-collection","9":"first","10":"instock","11":"purchasable","12":"product-type-simple","13":"customify-col","14":"product-has-gallery"},"mb":[],"jetpack_sharing_enabled":true,"mfb_rest_fields":["title","jetpack_sharing_enabled","gutenberg_elementor_mode"],"_links":{"self":[{"href":"https:\/\/dolati.shop\/index.php\/wp-json\/wp\/v2\/product\/2835","targetHints":{"allow":["GET"]}}],"collection":[{"href":"https:\/\/dolati.shop\/index.php\/wp-json\/wp\/v2\/product"}],"about":[{"href":"https:\/\/dolati.shop\/index.php\/wp-json\/wp\/v2\/types\/product"}],"replies":[{"embeddable":true,"href":"https:\/\/dolati.shop\/index.php\/wp-json\/wp\/v2\/comments?post=2835"}],"version-history":[{"count":1,"href":"https:\/\/dolati.shop\/index.php\/wp-json\/wp\/v2\/product\/2835\/revisions"}],"predecessor-version":[{"id":2838,"href":"https:\/\/dolati.shop\/index.php\/wp-json\/wp\/v2\/product\/2835\/revisions\/2838"}],"wp:featuredmedia":[{"embeddable":true,"href":"https:\/\/dolati.shop\/index.php\/wp-json\/wp\/v2\/media\/2836"}],"wp:attachment":[{"href":"https:\/\/dolati.shop\/index.php\/wp-json\/wp\/v2\/media?parent=2835"}],"wp:term":[{"taxonomy":"product_brand","embeddable":true,"href":"https:\/\/dolati.shop\/index.php\/wp-json\/wp\/v2\/product_brand?post=2835"},{"taxonomy":"product_cat","embeddable":true,"href":"https:\/\/dolati.shop\/index.php\/wp-json\/wp\/v2\/product_cat?post=2835"},{"taxonomy":"product_tag","embeddable":true,"href":"https:\/\/dolati.shop\/index.php\/wp-json\/wp\/v2\/product_tag?post=2835"}],"curies":[{"name":"wp","href":"https:\/\/api.w.org\/{rel}","templated":true}]}}