{"id":2726,"date":"2023-11-28T14:27:58","date_gmt":"2023-11-28T13:27:58","guid":{"rendered":"https:\/\/dolati.shop\/?post_type=product&#038;p=2726"},"modified":"2024-02-07T16:10:27","modified_gmt":"2024-02-07T15:10:27","slug":"femme","status":"publish","type":"product","link":"https:\/\/dolati.shop\/index.php\/product\/femme\/","title":{"rendered":"Femme"},"content":{"rendered":"\n<figure class=\"wp-block-image\"><img decoding=\"async\" src=\"https:\/\/img.ankorstore.com\/brands\/rounded\/11303-47e0025ffe8fae.jpg?auto=format%2Ccompress&amp;fm=pjpg&amp;dpr=1&amp;w=72\" alt=\"Oito.Atelier\" \/><\/figure>\n\n\n\n<p>Oito.Atelier<\/p>\n","protected":false},"excerpt":{"rendered":"<p>Description<br \/>Mat\u00e9riel : C\u00e9ramique<\/p>\n<p>Dimensions:<br \/>Hauteur : 29cm<br \/>Diam\u00e8tre : 15cm<\/p>\n<p>Produit enti\u00e8rement au Portugal.<br \/>Toutes les pi\u00e8ces sont fabriqu\u00e9es et peintes \u00e0 la main <\/p>\n","protected":false},"featured_media":2727,"comment_status":"open","ping_status":"closed","template":"","meta":[],"product_brand":[],"product_cat":[72,145],"product_tag":[],"class_list":{"0":"post-2726","1":"product","2":"type-product","3":"status-publish","4":"has-post-thumbnail","6":"product_cat-decoration-a-poser","7":"product_cat-toute-la-collection","9":"first","10":"instock","11":"purchasable","12":"product-type-simple","13":"customify-col"},"mb":[],"jetpack_sharing_enabled":true,"mfb_rest_fields":["title","jetpack_sharing_enabled","gutenberg_elementor_mode"],"_links":{"self":[{"href":"https:\/\/dolati.shop\/index.php\/wp-json\/wp\/v2\/product\/2726","targetHints":{"allow":["GET"]}}],"collection":[{"href":"https:\/\/dolati.shop\/index.php\/wp-json\/wp\/v2\/product"}],"about":[{"href":"https:\/\/dolati.shop\/index.php\/wp-json\/wp\/v2\/types\/product"}],"replies":[{"embeddable":true,"href":"https:\/\/dolati.shop\/index.php\/wp-json\/wp\/v2\/comments?post=2726"}],"version-history":[{"count":1,"href":"https:\/\/dolati.shop\/index.php\/wp-json\/wp\/v2\/product\/2726\/revisions"}],"predecessor-version":[{"id":2728,"href":"https:\/\/dolati.shop\/index.php\/wp-json\/wp\/v2\/product\/2726\/revisions\/2728"}],"wp:featuredmedia":[{"embeddable":true,"href":"https:\/\/dolati.shop\/index.php\/wp-json\/wp\/v2\/media\/2727"}],"wp:attachment":[{"href":"https:\/\/dolati.shop\/index.php\/wp-json\/wp\/v2\/media?parent=2726"}],"wp:term":[{"taxonomy":"product_brand","embeddable":true,"href":"https:\/\/dolati.shop\/index.php\/wp-json\/wp\/v2\/product_brand?post=2726"},{"taxonomy":"product_cat","embeddable":true,"href":"https:\/\/dolati.shop\/index.php\/wp-json\/wp\/v2\/product_cat?post=2726"},{"taxonomy":"product_tag","embeddable":true,"href":"https:\/\/dolati.shop\/index.php\/wp-json\/wp\/v2\/product_tag?post=2726"}],"curies":[{"name":"wp","href":"https:\/\/api.w.org\/{rel}","templated":true}]}}