{"id":2719,"date":"2023-11-28T14:19:03","date_gmt":"2023-11-28T13:19:03","guid":{"rendered":"https:\/\/dolati.shop\/?post_type=product&#038;p=2719"},"modified":"2024-02-07T16:11:17","modified_gmt":"2024-02-07T15:11:17","slug":"vase-en-ceramique-visage-heureux","status":"publish","type":"product","link":"https:\/\/dolati.shop\/index.php\/product\/vase-en-ceramique-visage-heureux\/","title":{"rendered":"Vase en c\u00e9ramique Visage heureux"},"content":{"rendered":"\n<figure class=\"wp-block-image\"><img decoding=\"async\" src=\"https:\/\/img.ankorstore.com\/brands\/rounded\/11303-47e0025ffe8fae.jpg?auto=format%2Ccompress&amp;fm=pjpg&amp;dpr=1&amp;w=72\" alt=\"Oito.Atelier\" \/><\/figure>\n\n\n\n<p>Oito.Atelier<\/p>\n","protected":false},"excerpt":{"rendered":"<p>Description<br \/>Mat\u00e9riel: C\u00e9ramique<\/p>\n<p>Dimensions:<br \/>Hauteur : 19cm<br \/>Diam\u00e8tre : 17cm<br \/>Dimensions du vase : 12,5 cm de diam\u00e8tre et 15 cm de haut<\/p>\n<p>Toutes les pi\u00e8ces sont fabriqu\u00e9es et peintes \u00e0 la main.<br \/>Produit enti\u00e8rement au Portugal.<\/p>\n","protected":false},"featured_media":2721,"comment_status":"open","ping_status":"closed","template":"","meta":[],"product_brand":[],"product_cat":[145,28],"product_tag":[],"class_list":{"0":"post-2719","1":"product","2":"type-product","3":"status-publish","4":"has-post-thumbnail","6":"product_cat-toute-la-collection","7":"product_cat-vases","9":"first","10":"instock","11":"purchasable","12":"product-type-simple","13":"customify-col","14":"product-has-gallery"},"mb":[],"jetpack_sharing_enabled":true,"mfb_rest_fields":["title","jetpack_sharing_enabled","gutenberg_elementor_mode"],"_links":{"self":[{"href":"https:\/\/dolati.shop\/index.php\/wp-json\/wp\/v2\/product\/2719","targetHints":{"allow":["GET"]}}],"collection":[{"href":"https:\/\/dolati.shop\/index.php\/wp-json\/wp\/v2\/product"}],"about":[{"href":"https:\/\/dolati.shop\/index.php\/wp-json\/wp\/v2\/types\/product"}],"replies":[{"embeddable":true,"href":"https:\/\/dolati.shop\/index.php\/wp-json\/wp\/v2\/comments?post=2719"}],"version-history":[{"count":1,"href":"https:\/\/dolati.shop\/index.php\/wp-json\/wp\/v2\/product\/2719\/revisions"}],"predecessor-version":[{"id":2723,"href":"https:\/\/dolati.shop\/index.php\/wp-json\/wp\/v2\/product\/2719\/revisions\/2723"}],"wp:featuredmedia":[{"embeddable":true,"href":"https:\/\/dolati.shop\/index.php\/wp-json\/wp\/v2\/media\/2721"}],"wp:attachment":[{"href":"https:\/\/dolati.shop\/index.php\/wp-json\/wp\/v2\/media?parent=2719"}],"wp:term":[{"taxonomy":"product_brand","embeddable":true,"href":"https:\/\/dolati.shop\/index.php\/wp-json\/wp\/v2\/product_brand?post=2719"},{"taxonomy":"product_cat","embeddable":true,"href":"https:\/\/dolati.shop\/index.php\/wp-json\/wp\/v2\/product_cat?post=2719"},{"taxonomy":"product_tag","embeddable":true,"href":"https:\/\/dolati.shop\/index.php\/wp-json\/wp\/v2\/product_tag?post=2719"}],"curies":[{"name":"wp","href":"https:\/\/api.w.org\/{rel}","templated":true}]}}