{"id":2711,"date":"2023-11-28T14:11:38","date_gmt":"2023-11-28T13:11:38","guid":{"rendered":"https:\/\/dolati.shop\/?post_type=product&#038;p=2711"},"modified":"2026-05-09T10:43:55","modified_gmt":"2026-05-09T08:43:55","slug":"vase-parme-blanc-ou-noir","status":"publish","type":"product","link":"https:\/\/dolati.shop\/index.php\/product\/vase-parme-blanc-ou-noir\/","title":{"rendered":"Vase Parme &#8211; Blanc ou noir"},"content":{"rendered":"\n<figure class=\"wp-block-image\"><img decoding=\"async\" src=\"https:\/\/img.ankorstore.com\/brands\/rounded\/11303-47e0025ffe8fae.jpg?auto=format%2Ccompress&amp;fm=pjpg&amp;dpr=1&amp;w=72\" alt=\"Oito.Atelier\" \/><\/figure>\n\n\n\n<p>Oito.Atelier<\/p>\n","protected":false},"excerpt":{"rendered":"<p>Description<br \/>Mat\u00e9riel: C\u00e9ramique<\/p>\n<p>Disponible en : blanc et noir<\/p>\n<p>Dimensions:<br \/>Hauteur : 23cm<br \/>Diam\u00e8tre : 16cm<br \/>Diam\u00e8tre d&rsquo;ouverture : 7cm<\/p>\n<p>Toutes les pi\u00e8ces sont fabriqu\u00e9es et peintes \u00e0 la main.<br \/>Fabriqu\u00e9 en Portugal<\/p>\n","protected":false},"featured_media":2712,"comment_status":"open","ping_status":"closed","template":"","meta":[],"product_brand":[],"product_cat":[145,28],"product_tag":[],"class_list":{"0":"post-2711","1":"product","2":"type-product","3":"status-publish","4":"has-post-thumbnail","6":"product_cat-toute-la-collection","7":"product_cat-vases","9":"first","10":"instock","11":"purchasable","12":"product-type-variable","13":"has-default-attributes","14":"customify-col","15":"product-has-gallery"},"mb":[],"jetpack_sharing_enabled":true,"mfb_rest_fields":["title","jetpack_sharing_enabled","gutenberg_elementor_mode"],"_links":{"self":[{"href":"https:\/\/dolati.shop\/index.php\/wp-json\/wp\/v2\/product\/2711","targetHints":{"allow":["GET"]}}],"collection":[{"href":"https:\/\/dolati.shop\/index.php\/wp-json\/wp\/v2\/product"}],"about":[{"href":"https:\/\/dolati.shop\/index.php\/wp-json\/wp\/v2\/types\/product"}],"replies":[{"embeddable":true,"href":"https:\/\/dolati.shop\/index.php\/wp-json\/wp\/v2\/comments?post=2711"}],"version-history":[{"count":3,"href":"https:\/\/dolati.shop\/index.php\/wp-json\/wp\/v2\/product\/2711\/revisions"}],"predecessor-version":[{"id":2724,"href":"https:\/\/dolati.shop\/index.php\/wp-json\/wp\/v2\/product\/2711\/revisions\/2724"}],"wp:featuredmedia":[{"embeddable":true,"href":"https:\/\/dolati.shop\/index.php\/wp-json\/wp\/v2\/media\/2712"}],"wp:attachment":[{"href":"https:\/\/dolati.shop\/index.php\/wp-json\/wp\/v2\/media?parent=2711"}],"wp:term":[{"taxonomy":"product_brand","embeddable":true,"href":"https:\/\/dolati.shop\/index.php\/wp-json\/wp\/v2\/product_brand?post=2711"},{"taxonomy":"product_cat","embeddable":true,"href":"https:\/\/dolati.shop\/index.php\/wp-json\/wp\/v2\/product_cat?post=2711"},{"taxonomy":"product_tag","embeddable":true,"href":"https:\/\/dolati.shop\/index.php\/wp-json\/wp\/v2\/product_tag?post=2711"}],"curies":[{"name":"wp","href":"https:\/\/api.w.org\/{rel}","templated":true}]}}