{"id":2697,"date":"2023-11-27T15:18:47","date_gmt":"2023-11-27T14:18:47","guid":{"rendered":"https:\/\/dolati.shop\/?post_type=product&#038;p=2697"},"modified":"2024-02-07T16:11:40","modified_gmt":"2024-02-07T15:11:40","slug":"bol-aperitif-de-noel-sur-planche-avec-cure-dents","status":"publish","type":"product","link":"https:\/\/dolati.shop\/index.php\/product\/bol-aperitif-de-noel-sur-planche-avec-cure-dents\/","title":{"rendered":"Bol ap\u00e9ritif de No\u00ebl sur planche avec cure-dents"},"content":{"rendered":"\n<figure class=\"wp-block-image\"><img decoding=\"async\" src=\"https:\/\/img.ankorstore.com\/brands\/rounded\/27623-47dfea9ba28905.jpg?auto=format%2Ccompress&amp;fm=pjpg&amp;dpr=1&amp;w=72\" alt=\"H&amp;H\" \/><\/figure>\n\n\n\n<p>H&amp;H<\/p>\n","protected":false},"excerpt":{"rendered":"<p>Description<br \/>Bol en porcelaine avec d\u00e9corations de No\u00ebl et plateau en bambou. <br \/>A l&rsquo;int\u00e9rieur du paquet 8 cure-dents d\u00e9cor\u00e9s.<br \/>Parfait pour un ap\u00e9ro r\u00e9ussi !!<\/p>\n<p>Mat\u00e9riaux :<br \/>Porcelaine, bambou<\/p>\n","protected":false},"featured_media":2699,"comment_status":"open","ping_status":"closed","template":"","meta":[],"product_brand":[],"product_cat":[31,145],"product_tag":[],"class_list":{"0":"post-2697","1":"product","2":"type-product","3":"status-publish","4":"has-post-thumbnail","6":"product_cat-noel","7":"product_cat-toute-la-collection","9":"first","10":"instock","11":"purchasable","12":"product-type-simple","13":"customify-col"},"mb":[],"jetpack_sharing_enabled":true,"mfb_rest_fields":["title","jetpack_sharing_enabled","gutenberg_elementor_mode"],"_links":{"self":[{"href":"https:\/\/dolati.shop\/index.php\/wp-json\/wp\/v2\/product\/2697","targetHints":{"allow":["GET"]}}],"collection":[{"href":"https:\/\/dolati.shop\/index.php\/wp-json\/wp\/v2\/product"}],"about":[{"href":"https:\/\/dolati.shop\/index.php\/wp-json\/wp\/v2\/types\/product"}],"replies":[{"embeddable":true,"href":"https:\/\/dolati.shop\/index.php\/wp-json\/wp\/v2\/comments?post=2697"}],"version-history":[{"count":1,"href":"https:\/\/dolati.shop\/index.php\/wp-json\/wp\/v2\/product\/2697\/revisions"}],"predecessor-version":[{"id":2700,"href":"https:\/\/dolati.shop\/index.php\/wp-json\/wp\/v2\/product\/2697\/revisions\/2700"}],"wp:featuredmedia":[{"embeddable":true,"href":"https:\/\/dolati.shop\/index.php\/wp-json\/wp\/v2\/media\/2699"}],"wp:attachment":[{"href":"https:\/\/dolati.shop\/index.php\/wp-json\/wp\/v2\/media?parent=2697"}],"wp:term":[{"taxonomy":"product_brand","embeddable":true,"href":"https:\/\/dolati.shop\/index.php\/wp-json\/wp\/v2\/product_brand?post=2697"},{"taxonomy":"product_cat","embeddable":true,"href":"https:\/\/dolati.shop\/index.php\/wp-json\/wp\/v2\/product_cat?post=2697"},{"taxonomy":"product_tag","embeddable":true,"href":"https:\/\/dolati.shop\/index.php\/wp-json\/wp\/v2\/product_tag?post=2697"}],"curies":[{"name":"wp","href":"https:\/\/api.w.org\/{rel}","templated":true}]}}