{"id":2496,"date":"2023-11-22T16:32:45","date_gmt":"2023-11-22T15:32:45","guid":{"rendered":"https:\/\/dolati.shop\/?post_type=product&#038;p=2496"},"modified":"2024-11-29T16:49:14","modified_gmt":"2024-11-29T15:49:14","slug":"bouteille-de-decanteur-en-ceramique-vase","status":"publish","type":"product","link":"https:\/\/dolati.shop\/index.php\/product\/bouteille-de-decanteur-en-ceramique-vase\/","title":{"rendered":"Bouteille de d\u00e9canteur en c\u00e9ramique \/ vase"},"content":{"rendered":"\n<figure class=\"wp-block-image\"><img decoding=\"async\" src=\"https:\/\/img.ankorstore.com\/brands\/rounded\/20620-47df898368c066.jpg?auto=format%2Ccompress&amp;fm=pjpg&amp;dpr=1&amp;w=72\" alt=\"ALFARER\u00cdA LA NAV\u00c0\" \/><\/figure>\n\n\n\n<p>ALFARER\u00cdA LA NAV\u00c0<\/p>\n","protected":false},"excerpt":{"rendered":"<p>Description<br \/>Accessoire de d\u00e9coration au caract\u00e8re m\u00e9diterran\u00e9en marqu\u00e9, cette bouteille est id\u00e9ale pour rafra\u00eechir l&rsquo;eau de mani\u00e8re naturelle et \u00e9cologique.<br \/>Fabriqu\u00e9 avec une argile locale, il peut \u00eatre poreux.<br \/>Pour son utilisation, nous conseillons de placer une assiette sous la pi\u00e8ce pour recueillir l&rsquo;eau<br \/>qui suinte.<br \/>Chaque pi\u00e8ce est faite \u00e0 la main et unique, donc vous trouverez des imperfections et des marques, trace du travail artisanal.<br \/>Les mesures et couleur refl\u00e9t\u00e9es sont indicatives et peuvent varier en raison du processus d&rsquo;\u00e9laboration.<\/p>\n<p>Avant de commencer \u00e0 boire \u00e0 la bouteille, nous vous recommandons de rincer l&rsquo;int\u00e9rieur et l&rsquo;ext\u00e9rieur. Remplissez-le d&rsquo;eau et videz-le quotidiennement.<\/p>\n<p>Il peut aussi \u00eatre utilis\u00e9 comme d\u00e9coration avec des fleurs s\u00e9ch\u00e9es<\/p>\n<p>Dimensions : <br \/>1 L <br \/>26 h x 10 cm<\/p>\n","protected":false},"featured_media":2497,"comment_status":"open","ping_status":"closed","template":"","meta":[],"product_brand":[],"product_cat":[145,28],"product_tag":[],"class_list":{"0":"post-2496","1":"product","2":"type-product","3":"status-publish","4":"has-post-thumbnail","6":"product_cat-toute-la-collection","7":"product_cat-vases","9":"first","10":"instock","11":"purchasable","12":"product-type-simple","13":"customify-col","14":"product-has-gallery"},"mb":[],"jetpack_sharing_enabled":true,"mfb_rest_fields":["title","jetpack_sharing_enabled","gutenberg_elementor_mode"],"_links":{"self":[{"href":"https:\/\/dolati.shop\/index.php\/wp-json\/wp\/v2\/product\/2496","targetHints":{"allow":["GET"]}}],"collection":[{"href":"https:\/\/dolati.shop\/index.php\/wp-json\/wp\/v2\/product"}],"about":[{"href":"https:\/\/dolati.shop\/index.php\/wp-json\/wp\/v2\/types\/product"}],"replies":[{"embeddable":true,"href":"https:\/\/dolati.shop\/index.php\/wp-json\/wp\/v2\/comments?post=2496"}],"version-history":[{"count":2,"href":"https:\/\/dolati.shop\/index.php\/wp-json\/wp\/v2\/product\/2496\/revisions"}],"predecessor-version":[{"id":2869,"href":"https:\/\/dolati.shop\/index.php\/wp-json\/wp\/v2\/product\/2496\/revisions\/2869"}],"wp:featuredmedia":[{"embeddable":true,"href":"https:\/\/dolati.shop\/index.php\/wp-json\/wp\/v2\/media\/2497"}],"wp:attachment":[{"href":"https:\/\/dolati.shop\/index.php\/wp-json\/wp\/v2\/media?parent=2496"}],"wp:term":[{"taxonomy":"product_brand","embeddable":true,"href":"https:\/\/dolati.shop\/index.php\/wp-json\/wp\/v2\/product_brand?post=2496"},{"taxonomy":"product_cat","embeddable":true,"href":"https:\/\/dolati.shop\/index.php\/wp-json\/wp\/v2\/product_cat?post=2496"},{"taxonomy":"product_tag","embeddable":true,"href":"https:\/\/dolati.shop\/index.php\/wp-json\/wp\/v2\/product_tag?post=2496"}],"curies":[{"name":"wp","href":"https:\/\/api.w.org\/{rel}","templated":true}]}}