{"id":2471,"date":"2023-11-20T14:38:42","date_gmt":"2023-11-20T13:38:42","guid":{"rendered":"https:\/\/dolati.shop\/?post_type=product&#038;p=2471"},"modified":"2025-11-18T17:09:49","modified_gmt":"2025-11-18T16:09:49","slug":"miroir-ours-en-rotin","status":"publish","type":"product","link":"https:\/\/dolati.shop\/index.php\/product\/miroir-ours-en-rotin\/","title":{"rendered":"Miroir &#8211; Ours en rotin"},"content":{"rendered":"\n<figure class=\"wp-block-image\"><img decoding=\"async\" src=\"https:\/\/img.ankorstore.com\/brands\/rounded\/39412-47dfff1ba710a2.jpg?auto=format%2Ccompress&amp;fm=pjpg&amp;dpr=1&amp;w=72\" alt=\"Hippie Monkey\" \/><\/figure>\n\n\n\n<p>Hippie Monkey<\/p>\n","protected":false},"excerpt":{"rendered":"<p>Description <br \/>La forme de l&rsquo;ours rend ce miroir adorable. Parfait pour la chambre de b\u00e9b\u00e9.<\/p>\n<p>Fait en rotin, c&rsquo;est un mat\u00e9riau naturel et \u00e9tant fait main, cela signifie que chaque produit est 100% unique. Gardez \u00e0 l&rsquo;esprit que cela signifie qu&rsquo;il peut y avoir de petites diff\u00e9rences entre chaque produit.<br \/>Parce qu&rsquo;il est fabriqu\u00e9 \u00e0 partir de mat\u00e9riaux naturels, nous recommandons de l&rsquo;utiliser uniquement \u00e0 l&rsquo;int\u00e9rieur, dans un environnement sec.<\/p>\n<p>Dimensions :<br \/>35x25cm<\/p>\n","protected":false},"featured_media":2472,"comment_status":"open","ping_status":"closed","template":"","meta":[],"product_brand":[],"product_cat":[125,145],"product_tag":[],"class_list":{"0":"post-2471","1":"product","2":"type-product","3":"status-publish","4":"has-post-thumbnail","6":"product_cat-le-coin-des-enfants","7":"product_cat-toute-la-collection","9":"first","10":"instock","11":"purchasable","12":"product-type-simple","13":"customify-col"},"mb":[],"jetpack_sharing_enabled":true,"mfb_rest_fields":["title","jetpack_sharing_enabled","gutenberg_elementor_mode"],"_links":{"self":[{"href":"https:\/\/dolati.shop\/index.php\/wp-json\/wp\/v2\/product\/2471","targetHints":{"allow":["GET"]}}],"collection":[{"href":"https:\/\/dolati.shop\/index.php\/wp-json\/wp\/v2\/product"}],"about":[{"href":"https:\/\/dolati.shop\/index.php\/wp-json\/wp\/v2\/types\/product"}],"replies":[{"embeddable":true,"href":"https:\/\/dolati.shop\/index.php\/wp-json\/wp\/v2\/comments?post=2471"}],"version-history":[{"count":2,"href":"https:\/\/dolati.shop\/index.php\/wp-json\/wp\/v2\/product\/2471\/revisions"}],"predecessor-version":[{"id":2475,"href":"https:\/\/dolati.shop\/index.php\/wp-json\/wp\/v2\/product\/2471\/revisions\/2475"}],"wp:featuredmedia":[{"embeddable":true,"href":"https:\/\/dolati.shop\/index.php\/wp-json\/wp\/v2\/media\/2472"}],"wp:attachment":[{"href":"https:\/\/dolati.shop\/index.php\/wp-json\/wp\/v2\/media?parent=2471"}],"wp:term":[{"taxonomy":"product_brand","embeddable":true,"href":"https:\/\/dolati.shop\/index.php\/wp-json\/wp\/v2\/product_brand?post=2471"},{"taxonomy":"product_cat","embeddable":true,"href":"https:\/\/dolati.shop\/index.php\/wp-json\/wp\/v2\/product_cat?post=2471"},{"taxonomy":"product_tag","embeddable":true,"href":"https:\/\/dolati.shop\/index.php\/wp-json\/wp\/v2\/product_tag?post=2471"}],"curies":[{"name":"wp","href":"https:\/\/api.w.org\/{rel}","templated":true}]}}