{"id":2279,"date":"2023-11-15T15:08:26","date_gmt":"2023-11-15T14:08:26","guid":{"rendered":"https:\/\/dolati.shop\/?post_type=product&#038;p=2279"},"modified":"2026-04-23T22:21:47","modified_gmt":"2026-04-23T20:21:47","slug":"lot-de-3-etoiles-en-bois","status":"publish","type":"product","link":"https:\/\/dolati.shop\/index.php\/product\/lot-de-3-etoiles-en-bois\/","title":{"rendered":"Lot de 3 \u00e9toiles en bois"},"content":{"rendered":"\n<figure class=\"wp-block-image\"><img decoding=\"async\" src=\"https:\/\/img.ankorstore.com\/brands\/rounded\/1273-47dfe8bed1669a.jpg?auto=format%2Ccompress&amp;fm=pjpg&amp;dpr=1&amp;w=72\" alt=\"Eulenschnitt\" \/><\/figure>\n\n\n\n<p>Eulenschnitt<\/p>\n","protected":false},"excerpt":{"rendered":"<p>Si vous avez envie d&rsquo;une belle d\u00e9coration minimaliste, alors vous aimerez les 3 \u00e9toiles minimalistes !\u00a0<br \/>Les \u00e9toiles sont conserv\u00e9es dans une couleur bois simple, laissant beaucoup de place \u00e0 la d\u00e9coration individuelle et \u00e0 la cr\u00e9ativit\u00e9.\u00a0<br \/>Le design simple et intemporel s&rsquo;int\u00e8gre parfaitement dans n&rsquo;importe quelle pi\u00e8ce et fait \u00e9galement bonne figure dans l&rsquo;entr\u00e9e.\u00a0<\/p>\n<p>Mat\u00e9riau :<br \/>Bois d\u00e9coup\u00e9 au laser<\/p>\n<p>Dimensions :<br \/>\u00c9toile 1 : environ 43 x 41 cm<br \/>\u00c9toile 2 : environ 38 x 36 cm<br \/>\u00c9toile 3 : environ 33 x 31,5 cm<br \/>Toutes les \u00e9toiles ont une \u00e9paisseur d&rsquo;environ 3 mm<\/p>\n","protected":false},"featured_media":2280,"comment_status":"open","ping_status":"closed","template":"","meta":[],"product_brand":[],"product_cat":[17,145],"product_tag":[],"class_list":{"0":"post-2279","1":"product","2":"type-product","3":"status-publish","4":"has-post-thumbnail","6":"product_cat-decoration-murale","7":"product_cat-toute-la-collection","9":"first","10":"instock","11":"purchasable","12":"product-type-simple","13":"customify-col","14":"product-has-gallery"},"mb":[],"jetpack_sharing_enabled":true,"mfb_rest_fields":["title","jetpack_sharing_enabled","gutenberg_elementor_mode"],"_links":{"self":[{"href":"https:\/\/dolati.shop\/index.php\/wp-json\/wp\/v2\/product\/2279","targetHints":{"allow":["GET"]}}],"collection":[{"href":"https:\/\/dolati.shop\/index.php\/wp-json\/wp\/v2\/product"}],"about":[{"href":"https:\/\/dolati.shop\/index.php\/wp-json\/wp\/v2\/types\/product"}],"replies":[{"embeddable":true,"href":"https:\/\/dolati.shop\/index.php\/wp-json\/wp\/v2\/comments?post=2279"}],"version-history":[{"count":1,"href":"https:\/\/dolati.shop\/index.php\/wp-json\/wp\/v2\/product\/2279\/revisions"}],"predecessor-version":[{"id":2533,"href":"https:\/\/dolati.shop\/index.php\/wp-json\/wp\/v2\/product\/2279\/revisions\/2533"}],"wp:featuredmedia":[{"embeddable":true,"href":"https:\/\/dolati.shop\/index.php\/wp-json\/wp\/v2\/media\/2280"}],"wp:attachment":[{"href":"https:\/\/dolati.shop\/index.php\/wp-json\/wp\/v2\/media?parent=2279"}],"wp:term":[{"taxonomy":"product_brand","embeddable":true,"href":"https:\/\/dolati.shop\/index.php\/wp-json\/wp\/v2\/product_brand?post=2279"},{"taxonomy":"product_cat","embeddable":true,"href":"https:\/\/dolati.shop\/index.php\/wp-json\/wp\/v2\/product_cat?post=2279"},{"taxonomy":"product_tag","embeddable":true,"href":"https:\/\/dolati.shop\/index.php\/wp-json\/wp\/v2\/product_tag?post=2279"}],"curies":[{"name":"wp","href":"https:\/\/api.w.org\/{rel}","templated":true}]}}