{"id":2276,"date":"2023-11-15T15:01:30","date_gmt":"2023-11-15T14:01:30","guid":{"rendered":"https:\/\/dolati.shop\/?post_type=product&#038;p=2276"},"modified":"2024-04-02T21:13:55","modified_gmt":"2024-04-02T19:13:55","slug":"etoiles-en-metal-lot-de-2","status":"publish","type":"product","link":"https:\/\/dolati.shop\/index.php\/product\/etoiles-en-metal-lot-de-2\/","title":{"rendered":"\u00c9toiles en m\u00e9tal, lot de 2"},"content":{"rendered":"\n<figure class=\"wp-block-image\"><img decoding=\"async\" src=\"https:\/\/img.ankorstore.com\/brands\/rounded\/1273-47dfe8bed1669a.jpg?auto=format%2Ccompress&amp;fm=pjpg&amp;dpr=1&amp;w=72\" alt=\"Eulenschnitt\" \/><\/figure>\n\n\n\n<p>Eulenschnitt<\/p>\n","protected":false},"excerpt":{"rendered":"<p>Description :<br \/><strong>lot de 2 \u00e9toiles en m\u00e9tal<\/strong>\u00a0.<br \/>\u00a0Si vous recherchez une belle d\u00e9coration minimaliste, alors vous aimerez les 2 \u00e9toiles m\u00e9talliques minimalistes !\u00a0<br \/>Les \u00e9toiles laissent beaucoup de place \u00e0 la d\u00e9coration individuelle et \u00e0 la cr\u00e9ativit\u00e9.\u00a0<br \/>Le design simple et intemporel s&rsquo;int\u00e8gre parfaitement dans n&rsquo;importe quelle pi\u00e8ce.<\/p>\n<p><strong>Mat\u00e9riel:<br \/><\/strong>M\u00e9tal<\/p>\n<p><strong>Dimensions :<br \/><\/strong>\u00c9toile 1 : environ 42 x 40 cm<br \/>\u00c9toile 2 : environ 32 x 30 cm<\/p>\n","protected":false},"featured_media":2277,"comment_status":"open","ping_status":"closed","template":"","meta":[],"product_brand":[],"product_cat":[17,145],"product_tag":[],"class_list":{"0":"post-2276","1":"product","2":"type-product","3":"status-publish","4":"has-post-thumbnail","6":"product_cat-decoration-murale","7":"product_cat-toute-la-collection","9":"first","10":"instock","11":"purchasable","12":"product-type-simple","13":"customify-col","14":"product-has-gallery"},"mb":[],"jetpack_sharing_enabled":true,"mfb_rest_fields":["title","jetpack_sharing_enabled","gutenberg_elementor_mode"],"_links":{"self":[{"href":"https:\/\/dolati.shop\/index.php\/wp-json\/wp\/v2\/product\/2276","targetHints":{"allow":["GET"]}}],"collection":[{"href":"https:\/\/dolati.shop\/index.php\/wp-json\/wp\/v2\/product"}],"about":[{"href":"https:\/\/dolati.shop\/index.php\/wp-json\/wp\/v2\/types\/product"}],"replies":[{"embeddable":true,"href":"https:\/\/dolati.shop\/index.php\/wp-json\/wp\/v2\/comments?post=2276"}],"version-history":[{"count":3,"href":"https:\/\/dolati.shop\/index.php\/wp-json\/wp\/v2\/product\/2276\/revisions"}],"predecessor-version":[{"id":2739,"href":"https:\/\/dolati.shop\/index.php\/wp-json\/wp\/v2\/product\/2276\/revisions\/2739"}],"wp:featuredmedia":[{"embeddable":true,"href":"https:\/\/dolati.shop\/index.php\/wp-json\/wp\/v2\/media\/2277"}],"wp:attachment":[{"href":"https:\/\/dolati.shop\/index.php\/wp-json\/wp\/v2\/media?parent=2276"}],"wp:term":[{"taxonomy":"product_brand","embeddable":true,"href":"https:\/\/dolati.shop\/index.php\/wp-json\/wp\/v2\/product_brand?post=2276"},{"taxonomy":"product_cat","embeddable":true,"href":"https:\/\/dolati.shop\/index.php\/wp-json\/wp\/v2\/product_cat?post=2276"},{"taxonomy":"product_tag","embeddable":true,"href":"https:\/\/dolati.shop\/index.php\/wp-json\/wp\/v2\/product_tag?post=2276"}],"curies":[{"name":"wp","href":"https:\/\/api.w.org\/{rel}","templated":true}]}}