{"id":2206,"date":"2023-11-14T14:23:09","date_gmt":"2023-11-14T13:23:09","guid":{"rendered":"https:\/\/dolati.shop\/index.php\/product\/carte-cadeau-2\/"},"modified":"2023-11-23T10:02:33","modified_gmt":"2023-11-23T09:02:33","slug":"carte-cadeau-2","status":"publish","type":"product","link":"https:\/\/dolati.shop\/index.php\/product\/carte-cadeau-2\/","title":{"rendered":"Carte Cadeau"},"content":{"rendered":"<p>Vous h\u00e9sitez, peur de vous trompez, j&rsquo;ai la solution ! offrez une carte cadeau !!<\/p>\n<p>Apr\u00e8s achat, v\u00e9rifiez votre boite mail, celui-ci peut \u00eatre dans les courriers ind\u00e9sirables.<\/p>\n<p>&nbsp;<\/p>\n<p>&nbsp;<\/p>\n<p>&nbsp;<\/p>\n","protected":false},"excerpt":{"rendered":"<p>Vous h\u00e9sitez, peur de vous trompez, j&rsquo;ai la solution ! offrez une carte cadeau !! Apr\u00e8s achat, v\u00e9rifiez votre boite mail, celui-ci peut \u00eatre dans&hellip;<\/p>\n","protected":false},"featured_media":1694,"comment_status":"open","ping_status":"closed","template":"","meta":[],"product_brand":[],"product_cat":[131,145],"product_tag":[],"class_list":{"0":"post-2206","1":"product","2":"type-product","3":"status-publish","4":"has-post-thumbnail","6":"product_cat-cartes-cadeaux","7":"product_cat-toute-la-collection","9":"first","10":"instock","11":"purchasable","12":"product-type-pw-gift-card","13":"customify-col"},"mb":[],"jetpack_sharing_enabled":true,"mfb_rest_fields":["title","jetpack_sharing_enabled","gutenberg_elementor_mode"],"_links":{"self":[{"href":"https:\/\/dolati.shop\/index.php\/wp-json\/wp\/v2\/product\/2206","targetHints":{"allow":["GET"]}}],"collection":[{"href":"https:\/\/dolati.shop\/index.php\/wp-json\/wp\/v2\/product"}],"about":[{"href":"https:\/\/dolati.shop\/index.php\/wp-json\/wp\/v2\/types\/product"}],"replies":[{"embeddable":true,"href":"https:\/\/dolati.shop\/index.php\/wp-json\/wp\/v2\/comments?post=2206"}],"version-history":[{"count":2,"href":"https:\/\/dolati.shop\/index.php\/wp-json\/wp\/v2\/product\/2206\/revisions"}],"predecessor-version":[{"id":2535,"href":"https:\/\/dolati.shop\/index.php\/wp-json\/wp\/v2\/product\/2206\/revisions\/2535"}],"wp:featuredmedia":[{"embeddable":true,"href":"https:\/\/dolati.shop\/index.php\/wp-json\/wp\/v2\/media\/1694"}],"wp:attachment":[{"href":"https:\/\/dolati.shop\/index.php\/wp-json\/wp\/v2\/media?parent=2206"}],"wp:term":[{"taxonomy":"product_brand","embeddable":true,"href":"https:\/\/dolati.shop\/index.php\/wp-json\/wp\/v2\/product_brand?post=2206"},{"taxonomy":"product_cat","embeddable":true,"href":"https:\/\/dolati.shop\/index.php\/wp-json\/wp\/v2\/product_cat?post=2206"},{"taxonomy":"product_tag","embeddable":true,"href":"https:\/\/dolati.shop\/index.php\/wp-json\/wp\/v2\/product_tag?post=2206"}],"curies":[{"name":"wp","href":"https:\/\/api.w.org\/{rel}","templated":true}]}}