{"id":2163,"date":"2023-11-13T21:43:41","date_gmt":"2023-11-13T20:43:41","guid":{"rendered":"https:\/\/dolati.shop\/?post_type=product&#038;p=2163"},"modified":"2024-11-02T08:32:00","modified_gmt":"2024-11-02T07:32:00","slug":"boho-stone-men-n5-10cm","status":"publish","type":"product","link":"https:\/\/dolati.shop\/index.php\/product\/boho-stone-men-n5-10cm\/","title":{"rendered":"Statue Boho Stone Men &#8211; N\u00b05 &#8211; 10cm"},"content":{"rendered":"\n<figure class=\"wp-block-image\"><img decoding=\"async\" src=\"https:\/\/img.ankorstore.com\/brands\/rounded\/39412-47dfff1ba710a2.jpg?auto=format%2Ccompress&amp;fm=pjpg&amp;dpr=1&amp;w=72\" alt=\"Hippie Monkey\" \/><\/figure>\n\n\n\n<p>Hippie Monkey<\/p>\n","protected":false},"excerpt":{"rendered":"<p>Description<br \/>Taille : 10cm<\/p>\n<p>Couleur<br \/>Blanc noir. Voir les images pour les couleurs.<\/p>\n<p>Fait main<br \/>Ce produit est fabriqu\u00e9 \u00e0 la main avec des mat\u00e9riaux naturels, ce qui signifie que chaque produit est 100 % unique. Gardez \u00e0 l&rsquo;esprit que cela signifie qu&rsquo;il peut y avoir de petites diff\u00e9rences entre chaque produit.<\/p>\n<p>\u00c0 l&rsquo;int\u00e9rieur<br \/>Parce qu&rsquo;il est fabriqu\u00e9 \u00e0 partir de mat\u00e9riaux naturels, nous recommandons de l&rsquo;utiliser uniquement \u00e0 l&rsquo;int\u00e9rieur, dans un environnement sec.<\/p>\n<p>Mat\u00e9riaux<br \/>Pierre &amp; Coquillages<\/p>\n","protected":false},"featured_media":2164,"comment_status":"open","ping_status":"closed","template":"","meta":[],"product_brand":[],"product_cat":[72,145],"product_tag":[],"class_list":{"0":"post-2163","1":"product","2":"type-product","3":"status-publish","4":"has-post-thumbnail","6":"product_cat-decoration-a-poser","7":"product_cat-toute-la-collection","9":"first","10":"instock","11":"purchasable","12":"product-type-simple","13":"customify-col","14":"product-has-gallery"},"mb":[],"jetpack_sharing_enabled":true,"mfb_rest_fields":["title","jetpack_sharing_enabled","gutenberg_elementor_mode"],"_links":{"self":[{"href":"https:\/\/dolati.shop\/index.php\/wp-json\/wp\/v2\/product\/2163","targetHints":{"allow":["GET"]}}],"collection":[{"href":"https:\/\/dolati.shop\/index.php\/wp-json\/wp\/v2\/product"}],"about":[{"href":"https:\/\/dolati.shop\/index.php\/wp-json\/wp\/v2\/types\/product"}],"replies":[{"embeddable":true,"href":"https:\/\/dolati.shop\/index.php\/wp-json\/wp\/v2\/comments?post=2163"}],"version-history":[{"count":2,"href":"https:\/\/dolati.shop\/index.php\/wp-json\/wp\/v2\/product\/2163\/revisions"}],"predecessor-version":[{"id":3072,"href":"https:\/\/dolati.shop\/index.php\/wp-json\/wp\/v2\/product\/2163\/revisions\/3072"}],"wp:featuredmedia":[{"embeddable":true,"href":"https:\/\/dolati.shop\/index.php\/wp-json\/wp\/v2\/media\/2164"}],"wp:attachment":[{"href":"https:\/\/dolati.shop\/index.php\/wp-json\/wp\/v2\/media?parent=2163"}],"wp:term":[{"taxonomy":"product_brand","embeddable":true,"href":"https:\/\/dolati.shop\/index.php\/wp-json\/wp\/v2\/product_brand?post=2163"},{"taxonomy":"product_cat","embeddable":true,"href":"https:\/\/dolati.shop\/index.php\/wp-json\/wp\/v2\/product_cat?post=2163"},{"taxonomy":"product_tag","embeddable":true,"href":"https:\/\/dolati.shop\/index.php\/wp-json\/wp\/v2\/product_tag?post=2163"}],"curies":[{"name":"wp","href":"https:\/\/api.w.org\/{rel}","templated":true}]}}