{"id":2151,"date":"2023-11-13T21:24:42","date_gmt":"2023-11-13T20:24:42","guid":{"rendered":"https:\/\/dolati.shop\/?post_type=product&#038;p=2151"},"modified":"2024-02-07T16:13:43","modified_gmt":"2024-02-07T15:13:43","slug":"cuilleres-dorees-snow-lot-de-4","status":"publish","type":"product","link":"https:\/\/dolati.shop\/index.php\/product\/cuilleres-dorees-snow-lot-de-4\/","title":{"rendered":"Cuill\u00e8res dor\u00e9es snow &#8211; LOT DE 4"},"content":{"rendered":"\n<figure class=\"wp-block-image\"><img decoding=\"async\" src=\"https:\/\/img.ankorstore.com\/brands\/rounded\/2935-47e00298b3b801.jpg?auto=format%2Ccompress&amp;fm=pjpg&amp;dpr=1&amp;w=72\" alt=\"Aulica\" \/><\/figure>\n\n\n\n<p>Aulica<\/p>\n","protected":false},"excerpt":{"rendered":"<p>Description<br \/>Lot de 4 cuill\u00e8res dor\u00e9es, parfaites pour vos tables de No\u00ebl<\/p>\n<p>Dimensions :<br \/>12.8x3x2.3cm<\/p>\n","protected":false},"featured_media":2152,"comment_status":"open","ping_status":"closed","template":"","meta":[],"product_brand":[],"product_cat":[31,145],"product_tag":[],"class_list":{"0":"post-2151","1":"product","2":"type-product","3":"status-publish","4":"has-post-thumbnail","6":"product_cat-noel","7":"product_cat-toute-la-collection","9":"first","10":"instock","11":"purchasable","12":"product-type-simple","13":"customify-col","14":"product-has-gallery"},"mb":[],"jetpack_sharing_enabled":true,"mfb_rest_fields":["title","jetpack_sharing_enabled","gutenberg_elementor_mode"],"_links":{"self":[{"href":"https:\/\/dolati.shop\/index.php\/wp-json\/wp\/v2\/product\/2151","targetHints":{"allow":["GET"]}}],"collection":[{"href":"https:\/\/dolati.shop\/index.php\/wp-json\/wp\/v2\/product"}],"about":[{"href":"https:\/\/dolati.shop\/index.php\/wp-json\/wp\/v2\/types\/product"}],"replies":[{"embeddable":true,"href":"https:\/\/dolati.shop\/index.php\/wp-json\/wp\/v2\/comments?post=2151"}],"version-history":[{"count":1,"href":"https:\/\/dolati.shop\/index.php\/wp-json\/wp\/v2\/product\/2151\/revisions"}],"predecessor-version":[{"id":2470,"href":"https:\/\/dolati.shop\/index.php\/wp-json\/wp\/v2\/product\/2151\/revisions\/2470"}],"wp:featuredmedia":[{"embeddable":true,"href":"https:\/\/dolati.shop\/index.php\/wp-json\/wp\/v2\/media\/2152"}],"wp:attachment":[{"href":"https:\/\/dolati.shop\/index.php\/wp-json\/wp\/v2\/media?parent=2151"}],"wp:term":[{"taxonomy":"product_brand","embeddable":true,"href":"https:\/\/dolati.shop\/index.php\/wp-json\/wp\/v2\/product_brand?post=2151"},{"taxonomy":"product_cat","embeddable":true,"href":"https:\/\/dolati.shop\/index.php\/wp-json\/wp\/v2\/product_cat?post=2151"},{"taxonomy":"product_tag","embeddable":true,"href":"https:\/\/dolati.shop\/index.php\/wp-json\/wp\/v2\/product_tag?post=2151"}],"curies":[{"name":"wp","href":"https:\/\/api.w.org\/{rel}","templated":true}]}}