{"id":2140,"date":"2023-11-13T17:05:14","date_gmt":"2023-11-13T16:05:14","guid":{"rendered":"https:\/\/dolati.shop\/?post_type=product&#038;p=2140"},"modified":"2025-08-06T22:07:21","modified_gmt":"2025-08-06T20:07:21","slug":"decor-mural-arc-en-ciel","status":"publish","type":"product","link":"https:\/\/dolati.shop\/index.php\/product\/decor-mural-arc-en-ciel\/","title":{"rendered":"D\u00e9cor mural arc-en-ciel"},"content":{"rendered":"\n<figure class=\"wp-block-image\"><img decoding=\"async\" src=\"https:\/\/img.ankorstore.com\/brands\/rounded\/39412-47dfff1ba710a2.jpg?auto=format%2Ccompress&amp;fm=pjpg&amp;dpr=1&amp;w=72\" alt=\"Hippie Monkey\" \/><\/figure>\n\n\n\n<p>Hippie Monkey<\/p>\n","protected":false},"excerpt":{"rendered":"<p>Descripti<a>on<\/a><br \/>Pendentif en macram\u00e9 arc-en-ciel Boho <\/p>\n<p>Le Boho Rainbow Macrame Hanger est une tenture murale pleine de charme. La beaut\u00e9 faite \u00e0 la main conviendra \u00e0 presque toutes les pi\u00e8ces de votre maison. Il donnera \u00e0 chaque pi\u00e8ce de votre maison une ambiance boh\u00e8me imm\u00e9diate et vous donnera l&rsquo;impression d&rsquo;\u00eatre sur une \u00eele tropicale. <\/p>\n<p>Couleur<br \/>Naturel. <\/p>\n<p>Mat\u00e9riel :<br \/>Bambou. C&rsquo;est un mat\u00e9riau naturel et cela signifie que chaque produit est 100% unique. Gardez \u00e0 l&rsquo;esprit que cela signifie qu&rsquo;il peut y avoir de petites diff\u00e9rences entre chaque produit.<br \/>Fait main<br \/>Ce produit est fabriqu\u00e9 \u00e0 la main, ce qui signifie que chaque produit est 100 % unique, cela signifie qu&rsquo;il peut y avoir de petites diff\u00e9rences entre chaque produit.<\/p>\n<p>\u00c0 l&rsquo;int\u00e9rieur<br \/>Parce qu&rsquo;il est fabriqu\u00e9 \u00e0 partir de mat\u00e9riaux naturels, nous recommandons de l&rsquo;utiliser uniquement \u00e0 l&rsquo;int\u00e9rieur, dans un environnement sec.<\/p>\n<p>Dimensions :<br \/>35x30x2cm<\/p>\n<p>Mat\u00e9riaux :<br \/>Coton &amp; bambou<\/p>\n","protected":false},"featured_media":2141,"comment_status":"open","ping_status":"closed","template":"","meta":[],"product_brand":[],"product_cat":[17,145],"product_tag":[],"class_list":{"0":"post-2140","1":"product","2":"type-product","3":"status-publish","4":"has-post-thumbnail","6":"product_cat-decoration-murale","7":"product_cat-toute-la-collection","9":"first","10":"instock","11":"purchasable","12":"product-type-simple","13":"customify-col","14":"product-has-gallery"},"mb":[],"jetpack_sharing_enabled":true,"mfb_rest_fields":["title","jetpack_sharing_enabled","gutenberg_elementor_mode"],"_links":{"self":[{"href":"https:\/\/dolati.shop\/index.php\/wp-json\/wp\/v2\/product\/2140","targetHints":{"allow":["GET"]}}],"collection":[{"href":"https:\/\/dolati.shop\/index.php\/wp-json\/wp\/v2\/product"}],"about":[{"href":"https:\/\/dolati.shop\/index.php\/wp-json\/wp\/v2\/types\/product"}],"replies":[{"embeddable":true,"href":"https:\/\/dolati.shop\/index.php\/wp-json\/wp\/v2\/comments?post=2140"}],"version-history":[{"count":1,"href":"https:\/\/dolati.shop\/index.php\/wp-json\/wp\/v2\/product\/2140\/revisions"}],"predecessor-version":[{"id":2540,"href":"https:\/\/dolati.shop\/index.php\/wp-json\/wp\/v2\/product\/2140\/revisions\/2540"}],"wp:featuredmedia":[{"embeddable":true,"href":"https:\/\/dolati.shop\/index.php\/wp-json\/wp\/v2\/media\/2141"}],"wp:attachment":[{"href":"https:\/\/dolati.shop\/index.php\/wp-json\/wp\/v2\/media?parent=2140"}],"wp:term":[{"taxonomy":"product_brand","embeddable":true,"href":"https:\/\/dolati.shop\/index.php\/wp-json\/wp\/v2\/product_brand?post=2140"},{"taxonomy":"product_cat","embeddable":true,"href":"https:\/\/dolati.shop\/index.php\/wp-json\/wp\/v2\/product_cat?post=2140"},{"taxonomy":"product_tag","embeddable":true,"href":"https:\/\/dolati.shop\/index.php\/wp-json\/wp\/v2\/product_tag?post=2140"}],"curies":[{"name":"wp","href":"https:\/\/api.w.org\/{rel}","templated":true}]}}