{"id":2115,"date":"2023-11-12T23:15:17","date_gmt":"2023-11-12T22:15:17","guid":{"rendered":"https:\/\/dolati.shop\/?post_type=product&#038;p=2115"},"modified":"2023-11-23T10:02:34","modified_gmt":"2023-11-23T09:02:34","slug":"vase-forme-organique-noir-h-22","status":"publish","type":"product","link":"https:\/\/dolati.shop\/index.php\/product\/vase-forme-organique-noir-h-22\/","title":{"rendered":"Vase Forme Organique &#8211; Noir H.22"},"content":{"rendered":"\n<figure class=\"wp-block-image\"><img decoding=\"async\" src=\"https:\/\/img.ankorstore.com\/brands\/rounded\/29032-47df8a75ca733f.jpg?auto=format%2Ccompress&amp;fm=pjpg&amp;dpr=1&amp;w=72\" alt=\"Housevitamin\" \/><\/figure>\n\n\n\n<p>Housevitamin<\/p>\n","protected":false},"excerpt":{"rendered":"<p>Description<br \/>Ce vase a une belle forme organique et g\u00e9om\u00e9trique.<br \/>Ce vase noir n&rsquo;a pas n\u00e9cessairement besoin de fleurs \u00e0 l&rsquo;int\u00e9rieur, il est m\u00eame joli tout seul.<\/p>\n<p>Caract\u00e9ristiques importantes :<br \/>Fabriqu\u00e9 en c\u00e9ramique<br \/>Taille : 13x13x22cm<\/p>\n","protected":false},"featured_media":2116,"comment_status":"open","ping_status":"closed","template":"","meta":[],"product_brand":[],"product_cat":[145,28],"product_tag":[],"class_list":{"0":"post-2115","1":"product","2":"type-product","3":"status-publish","4":"has-post-thumbnail","6":"product_cat-toute-la-collection","7":"product_cat-vases","9":"first","10":"instock","11":"purchasable","12":"product-type-simple","13":"customify-col","14":"product-has-gallery"},"mb":[],"jetpack_sharing_enabled":true,"mfb_rest_fields":["title","jetpack_sharing_enabled","gutenberg_elementor_mode"],"_links":{"self":[{"href":"https:\/\/dolati.shop\/index.php\/wp-json\/wp\/v2\/product\/2115","targetHints":{"allow":["GET"]}}],"collection":[{"href":"https:\/\/dolati.shop\/index.php\/wp-json\/wp\/v2\/product"}],"about":[{"href":"https:\/\/dolati.shop\/index.php\/wp-json\/wp\/v2\/types\/product"}],"replies":[{"embeddable":true,"href":"https:\/\/dolati.shop\/index.php\/wp-json\/wp\/v2\/comments?post=2115"}],"version-history":[{"count":1,"href":"https:\/\/dolati.shop\/index.php\/wp-json\/wp\/v2\/product\/2115\/revisions"}],"predecessor-version":[{"id":2388,"href":"https:\/\/dolati.shop\/index.php\/wp-json\/wp\/v2\/product\/2115\/revisions\/2388"}],"wp:featuredmedia":[{"embeddable":true,"href":"https:\/\/dolati.shop\/index.php\/wp-json\/wp\/v2\/media\/2116"}],"wp:attachment":[{"href":"https:\/\/dolati.shop\/index.php\/wp-json\/wp\/v2\/media?parent=2115"}],"wp:term":[{"taxonomy":"product_brand","embeddable":true,"href":"https:\/\/dolati.shop\/index.php\/wp-json\/wp\/v2\/product_brand?post=2115"},{"taxonomy":"product_cat","embeddable":true,"href":"https:\/\/dolati.shop\/index.php\/wp-json\/wp\/v2\/product_cat?post=2115"},{"taxonomy":"product_tag","embeddable":true,"href":"https:\/\/dolati.shop\/index.php\/wp-json\/wp\/v2\/product_tag?post=2115"}],"curies":[{"name":"wp","href":"https:\/\/api.w.org\/{rel}","templated":true}]}}