{"id":2105,"date":"2023-11-12T22:59:42","date_gmt":"2023-11-12T21:59:42","guid":{"rendered":"https:\/\/dolati.shop\/?post_type=product&#038;p=2105"},"modified":"2023-12-07T16:58:29","modified_gmt":"2023-12-07T15:58:29","slug":"bougeoir-cylindre-etoile-noir-or","status":"publish","type":"product","link":"https:\/\/dolati.shop\/index.php\/product\/bougeoir-cylindre-etoile-noir-or\/","title":{"rendered":"Bougeoir Cylindre \u00c9toile &#8211; Noir\/ Or"},"content":{"rendered":"\n<figure class=\"wp-block-image\"><img decoding=\"async\" src=\"https:\/\/img.ankorstore.com\/brands\/rounded\/29032-47df8a75ca733f.jpg?auto=format%2Ccompress&amp;fm=pjpg&amp;dpr=1&amp;w=72\" alt=\"Housevitamin\" \/><\/figure>\n\n\n\n<p>Housevitamin<\/p>\n","protected":false},"excerpt":{"rendered":"<p>Description<br \/>Ce bougeoir noir a une magnifique \u00e9toile dor\u00e9e au milieu. Il vous donnera un \u00e9clat dor\u00e9.<\/p>\n<p>Caract\u00e9ristiques importantes:<br \/>Fabriqu\u00e9 en c\u00e9ramique<\/p>\n<p><strong>Dimensions<\/strong><br \/>Longueur 6 cm<br \/>Largeur 6 cm<br \/>Hauteur 8 cm<\/p>\n","protected":false},"featured_media":2106,"comment_status":"open","ping_status":"closed","template":"","meta":[],"product_brand":[],"product_cat":[129,145],"product_tag":[],"class_list":{"0":"post-2105","1":"product","2":"type-product","3":"status-publish","4":"has-post-thumbnail","6":"product_cat-bougeoirs","7":"product_cat-toute-la-collection","9":"first","10":"instock","11":"purchasable","12":"product-type-simple","13":"customify-col","14":"product-has-gallery"},"mb":[],"jetpack_sharing_enabled":true,"mfb_rest_fields":["title","jetpack_sharing_enabled","gutenberg_elementor_mode"],"_links":{"self":[{"href":"https:\/\/dolati.shop\/index.php\/wp-json\/wp\/v2\/product\/2105","targetHints":{"allow":["GET"]}}],"collection":[{"href":"https:\/\/dolati.shop\/index.php\/wp-json\/wp\/v2\/product"}],"about":[{"href":"https:\/\/dolati.shop\/index.php\/wp-json\/wp\/v2\/types\/product"}],"replies":[{"embeddable":true,"href":"https:\/\/dolati.shop\/index.php\/wp-json\/wp\/v2\/comments?post=2105"}],"version-history":[{"count":1,"href":"https:\/\/dolati.shop\/index.php\/wp-json\/wp\/v2\/product\/2105\/revisions"}],"predecessor-version":[{"id":2542,"href":"https:\/\/dolati.shop\/index.php\/wp-json\/wp\/v2\/product\/2105\/revisions\/2542"}],"wp:featuredmedia":[{"embeddable":true,"href":"https:\/\/dolati.shop\/index.php\/wp-json\/wp\/v2\/media\/2106"}],"wp:attachment":[{"href":"https:\/\/dolati.shop\/index.php\/wp-json\/wp\/v2\/media?parent=2105"}],"wp:term":[{"taxonomy":"product_brand","embeddable":true,"href":"https:\/\/dolati.shop\/index.php\/wp-json\/wp\/v2\/product_brand?post=2105"},{"taxonomy":"product_cat","embeddable":true,"href":"https:\/\/dolati.shop\/index.php\/wp-json\/wp\/v2\/product_cat?post=2105"},{"taxonomy":"product_tag","embeddable":true,"href":"https:\/\/dolati.shop\/index.php\/wp-json\/wp\/v2\/product_tag?post=2105"}],"curies":[{"name":"wp","href":"https:\/\/api.w.org\/{rel}","templated":true}]}}