{"id":2086,"date":"2023-11-12T22:28:44","date_gmt":"2023-11-12T21:28:44","guid":{"rendered":"https:\/\/dolati.shop\/?post_type=product&#038;p=2086"},"modified":"2024-02-07T16:14:13","modified_gmt":"2024-02-07T15:14:13","slug":"calendrier-compte-a-rebours-de-lavent-noir-et-blanc","status":"publish","type":"product","link":"https:\/\/dolati.shop\/index.php\/product\/calendrier-compte-a-rebours-de-lavent-noir-et-blanc\/","title":{"rendered":"Calendrier compte \u00e0 rebours de l&rsquo;Avent &#8211; Noir et Blanc"},"content":{"rendered":"\n<figure class=\"wp-block-image\"><img decoding=\"async\" src=\"https:\/\/img.ankorstore.com\/brands\/rounded\/29032-47df8a75ca733f.jpg?auto=format%2Ccompress&amp;fm=pjpg&amp;dpr=1&amp;w=72\" alt=\"Housevitamin\" \/><\/figure>\n\n\n\n<p>Housevitamin<\/p>\n","protected":false},"excerpt":{"rendered":"<p>Description<br \/>Ce calendrier de compte \u00e0 rebours de l&rsquo;avent est un v\u00e9ritable accroche-regard et vous aidera \u00e0 compter les jours jusqu&rsquo;\u00e0 No\u00ebl !<\/p>\n<p>Caract\u00e9ristiques importantes :<br \/>Fabriqu\u00e9 en MDF<\/p>\n<p>Dimensions :<br \/>60 x 2,5 x 8,5 cm<\/p>\n","protected":false},"featured_media":2087,"comment_status":"open","ping_status":"closed","template":"","meta":[],"product_brand":[],"product_cat":[31,145],"product_tag":[],"class_list":{"0":"post-2086","1":"product","2":"type-product","3":"status-publish","4":"has-post-thumbnail","6":"product_cat-noel","7":"product_cat-toute-la-collection","9":"first","10":"instock","11":"purchasable","12":"product-type-simple","13":"customify-col","14":"product-has-gallery"},"mb":[],"jetpack_sharing_enabled":true,"mfb_rest_fields":["title","jetpack_sharing_enabled","gutenberg_elementor_mode"],"_links":{"self":[{"href":"https:\/\/dolati.shop\/index.php\/wp-json\/wp\/v2\/product\/2086","targetHints":{"allow":["GET"]}}],"collection":[{"href":"https:\/\/dolati.shop\/index.php\/wp-json\/wp\/v2\/product"}],"about":[{"href":"https:\/\/dolati.shop\/index.php\/wp-json\/wp\/v2\/types\/product"}],"replies":[{"embeddable":true,"href":"https:\/\/dolati.shop\/index.php\/wp-json\/wp\/v2\/comments?post=2086"}],"version-history":[{"count":1,"href":"https:\/\/dolati.shop\/index.php\/wp-json\/wp\/v2\/product\/2086\/revisions"}],"predecessor-version":[{"id":2544,"href":"https:\/\/dolati.shop\/index.php\/wp-json\/wp\/v2\/product\/2086\/revisions\/2544"}],"wp:featuredmedia":[{"embeddable":true,"href":"https:\/\/dolati.shop\/index.php\/wp-json\/wp\/v2\/media\/2087"}],"wp:attachment":[{"href":"https:\/\/dolati.shop\/index.php\/wp-json\/wp\/v2\/media?parent=2086"}],"wp:term":[{"taxonomy":"product_brand","embeddable":true,"href":"https:\/\/dolati.shop\/index.php\/wp-json\/wp\/v2\/product_brand?post=2086"},{"taxonomy":"product_cat","embeddable":true,"href":"https:\/\/dolati.shop\/index.php\/wp-json\/wp\/v2\/product_cat?post=2086"},{"taxonomy":"product_tag","embeddable":true,"href":"https:\/\/dolati.shop\/index.php\/wp-json\/wp\/v2\/product_tag?post=2086"}],"curies":[{"name":"wp","href":"https:\/\/api.w.org\/{rel}","templated":true}]}}