{"id":2056,"date":"2023-11-12T20:46:31","date_gmt":"2023-11-12T19:46:31","guid":{"rendered":"https:\/\/dolati.shop\/?post_type=product&#038;p=2056"},"modified":"2025-11-26T15:20:30","modified_gmt":"2025-11-26T14:20:30","slug":"arbre-de-noel-en-rotin","status":"publish","type":"product","link":"https:\/\/dolati.shop\/index.php\/product\/arbre-de-noel-en-rotin\/","title":{"rendered":"Arbre de No\u00ebl en rotin"},"content":{"rendered":"\n<figure class=\"wp-block-image\"><img decoding=\"async\" src=\"https:\/\/img.ankorstore.com\/brands\/rounded\/16624-47d62a6ee8624a.jpg?auto=format%2Ccompress&amp;fm=pjpg&amp;dpr=1&amp;w=72\" alt=\"CindyxHanna\" \/><\/figure>\n\n\n\n<p>CindyxHanna<\/p>\n","protected":false},"excerpt":{"rendered":"<p>Description<br \/>No\u00ebl, c&rsquo;est la p\u00e9riode la plus merveilleuse de l&rsquo;ann\u00e9e. <br \/>D\u00e9coration de No\u00ebl parfaite pour votre maison et ou pour d\u00e9corer la chambre de votre enfant.<\/p>\n<p>Le pin (ou appel\u00e9 sapin de No\u00ebl), indispensable \u00e0 No\u00ebl, est le symbole de la vie et de la fertilit\u00e9 avec ses feuilles qui restent vertes \u00e9t\u00e9\/hiver. Alors que la couleur de la nature change pendant les mois d&rsquo;hiver, notre sapin en rotin, con\u00e7u en tricotant avec du rotin, un mat\u00e9riau naturel pour que nous puissions ressentir davantage cette \u00e9nergie dans nos maisons.<\/p>\n<p>Dimensions : <br \/>Taille S : 13cm (diam\u00e8tre de la base) x 26cm (hauteur) <br \/>Taille M : 22cm (diam\u00e8tre de la base) x 35cm (hauteur)<\/p>\n<p>Mat\u00e9riau :<br \/>ROTIN<\/p>\n","protected":false},"featured_media":2059,"comment_status":"open","ping_status":"closed","template":"","meta":[],"product_brand":[],"product_cat":[72,125,31,145],"product_tag":[],"class_list":{"0":"post-2056","1":"product","2":"type-product","3":"status-publish","4":"has-post-thumbnail","6":"product_cat-decoration-a-poser","7":"product_cat-le-coin-des-enfants","8":"product_cat-noel","9":"product_cat-toute-la-collection","10":"product_shipping_class-fagile","12":"first","13":"instock","14":"purchasable","15":"product-type-variable","16":"has-default-attributes","17":"customify-col","18":"product-has-gallery"},"mb":[],"jetpack_sharing_enabled":true,"mfb_rest_fields":["title","jetpack_sharing_enabled","gutenberg_elementor_mode"],"_links":{"self":[{"href":"https:\/\/dolati.shop\/index.php\/wp-json\/wp\/v2\/product\/2056","targetHints":{"allow":["GET"]}}],"collection":[{"href":"https:\/\/dolati.shop\/index.php\/wp-json\/wp\/v2\/product"}],"about":[{"href":"https:\/\/dolati.shop\/index.php\/wp-json\/wp\/v2\/types\/product"}],"replies":[{"embeddable":true,"href":"https:\/\/dolati.shop\/index.php\/wp-json\/wp\/v2\/comments?post=2056"}],"version-history":[{"count":3,"href":"https:\/\/dolati.shop\/index.php\/wp-json\/wp\/v2\/product\/2056\/revisions"}],"predecessor-version":[{"id":2848,"href":"https:\/\/dolati.shop\/index.php\/wp-json\/wp\/v2\/product\/2056\/revisions\/2848"}],"wp:featuredmedia":[{"embeddable":true,"href":"https:\/\/dolati.shop\/index.php\/wp-json\/wp\/v2\/media\/2059"}],"wp:attachment":[{"href":"https:\/\/dolati.shop\/index.php\/wp-json\/wp\/v2\/media?parent=2056"}],"wp:term":[{"taxonomy":"product_brand","embeddable":true,"href":"https:\/\/dolati.shop\/index.php\/wp-json\/wp\/v2\/product_brand?post=2056"},{"taxonomy":"product_cat","embeddable":true,"href":"https:\/\/dolati.shop\/index.php\/wp-json\/wp\/v2\/product_cat?post=2056"},{"taxonomy":"product_tag","embeddable":true,"href":"https:\/\/dolati.shop\/index.php\/wp-json\/wp\/v2\/product_tag?post=2056"}],"curies":[{"name":"wp","href":"https:\/\/api.w.org\/{rel}","templated":true}]}}