{"id":2053,"date":"2023-11-12T20:32:22","date_gmt":"2023-11-12T19:32:22","guid":{"rendered":"https:\/\/dolati.shop\/?post_type=product&#038;p=2053"},"modified":"2023-12-13T15:36:39","modified_gmt":"2023-12-13T14:36:39","slug":"champignon-en-rotin","status":"publish","type":"product","link":"https:\/\/dolati.shop\/index.php\/product\/champignon-en-rotin\/","title":{"rendered":"Maison champignon en rotin"},"content":{"rendered":"\n<figure class=\"wp-block-image\"><img decoding=\"async\" src=\"https:\/\/img.ankorstore.com\/brands\/rounded\/16624-47d62a6ee8624a.jpg?auto=format%2Ccompress&amp;fm=pjpg&amp;dpr=1&amp;w=72\" alt=\"CindyxHanna\" \/><\/figure>\n\n\n\n<p>CindyxHanna<\/p>\n","protected":false},"excerpt":{"rendered":"<p>Description<br \/>Le panier \u00e0 champignons&#8230; Pi\u00e8ce faite \u00e0 la main qui pourrait \u00eatre utilis\u00e9e comme pi\u00e8ce de d\u00e9coration ou comme maison magique pour vos poup\u00e9es, f\u00e9es, gnomes, animaux ou toute autre petite cr\u00e9ature. <\/p>\n<p>Dimensions :<br \/>Hauteur\u00a0: 22cm (sans poign\u00e9e) <br \/>Diam\u00e8tre\u00a0: 22cm  (partie sup\u00e9rieure la plus large) <\/p>\n<p>Veuillez noter\u00a0: comme ces pi\u00e8ces sont enti\u00e8rement faites \u00e0 la main avec du rotin naturel, chaque pi\u00e8ce est compl\u00e8tement unique. Il peut y avoir de l\u00e9g\u00e8res diff\u00e9rences entre chaque pi\u00e8ce<\/p>\n","protected":false},"featured_media":2054,"comment_status":"open","ping_status":"closed","template":"","meta":[],"product_brand":[],"product_cat":[125,145],"product_tag":[],"class_list":{"0":"post-2053","1":"product","2":"type-product","3":"status-publish","4":"has-post-thumbnail","6":"product_cat-le-coin-des-enfants","7":"product_cat-toute-la-collection","8":"product_shipping_class-fagile","10":"first","11":"instock","12":"purchasable","13":"product-type-simple","14":"customify-col","15":"product-has-gallery"},"mb":[],"jetpack_sharing_enabled":true,"mfb_rest_fields":["title","jetpack_sharing_enabled","gutenberg_elementor_mode"],"_links":{"self":[{"href":"https:\/\/dolati.shop\/index.php\/wp-json\/wp\/v2\/product\/2053","targetHints":{"allow":["GET"]}}],"collection":[{"href":"https:\/\/dolati.shop\/index.php\/wp-json\/wp\/v2\/product"}],"about":[{"href":"https:\/\/dolati.shop\/index.php\/wp-json\/wp\/v2\/types\/product"}],"replies":[{"embeddable":true,"href":"https:\/\/dolati.shop\/index.php\/wp-json\/wp\/v2\/comments?post=2053"}],"version-history":[{"count":2,"href":"https:\/\/dolati.shop\/index.php\/wp-json\/wp\/v2\/product\/2053\/revisions"}],"predecessor-version":[{"id":2791,"href":"https:\/\/dolati.shop\/index.php\/wp-json\/wp\/v2\/product\/2053\/revisions\/2791"}],"wp:featuredmedia":[{"embeddable":true,"href":"https:\/\/dolati.shop\/index.php\/wp-json\/wp\/v2\/media\/2054"}],"wp:attachment":[{"href":"https:\/\/dolati.shop\/index.php\/wp-json\/wp\/v2\/media?parent=2053"}],"wp:term":[{"taxonomy":"product_brand","embeddable":true,"href":"https:\/\/dolati.shop\/index.php\/wp-json\/wp\/v2\/product_brand?post=2053"},{"taxonomy":"product_cat","embeddable":true,"href":"https:\/\/dolati.shop\/index.php\/wp-json\/wp\/v2\/product_cat?post=2053"},{"taxonomy":"product_tag","embeddable":true,"href":"https:\/\/dolati.shop\/index.php\/wp-json\/wp\/v2\/product_tag?post=2053"}],"curies":[{"name":"wp","href":"https:\/\/api.w.org\/{rel}","templated":true}]}}