{"id":1829,"date":"2023-11-08T23:16:38","date_gmt":"2023-11-08T22:16:38","guid":{"rendered":"https:\/\/dolati.shop\/?post_type=product&#038;p=1829"},"modified":"2024-11-29T16:51:06","modified_gmt":"2024-11-29T15:51:06","slug":"pere","status":"publish","type":"product","link":"https:\/\/dolati.shop\/index.php\/product\/pere\/","title":{"rendered":"P\u00e8re No\u00ebl c\u00e9ramique"},"content":{"rendered":"\n<figure class=\"wp-block-image\"><img decoding=\"async\" src=\"https:\/\/img.ankorstore.com\/brands\/rounded\/7896-47cda02a337138.jpg?auto=format%2Ccompress&amp;fm=pjpg&amp;dpr=1&amp;w=72\" alt=\"MONDEX Poland\" \/><\/figure>\n\n\n\n<p>MONDEX Poland<\/p>\n","protected":false},"excerpt":{"rendered":"<p>Description<br \/>Figurine d\u00e9corative P\u00e8re No\u00ebl.<br \/>C\u00e9ramique de haute qualit\u00e9.<\/p>\n<p>Dimension : <br \/>Taille M<br \/>Hauteur : 25 cm <br \/>Diam\u00e8tre : 7,2 cm<\/p>\n<p>Taille S<br \/>Hauteur : 19cm <br \/>Diam\u00e8tre : 6,4 cm<\/p>\n","protected":false},"featured_media":1831,"comment_status":"open","ping_status":"closed","template":"","meta":[],"product_brand":[],"product_cat":[31,145],"product_tag":[],"class_list":{"0":"post-1829","1":"product","2":"type-product","3":"status-publish","4":"has-post-thumbnail","6":"product_cat-noel","7":"product_cat-toute-la-collection","9":"first","10":"instock","11":"purchasable","12":"product-type-variable","13":"has-default-attributes","14":"customify-col","15":"product-has-gallery"},"mb":[],"jetpack_sharing_enabled":true,"mfb_rest_fields":["title","jetpack_sharing_enabled","gutenberg_elementor_mode"],"_links":{"self":[{"href":"https:\/\/dolati.shop\/index.php\/wp-json\/wp\/v2\/product\/1829","targetHints":{"allow":["GET"]}}],"collection":[{"href":"https:\/\/dolati.shop\/index.php\/wp-json\/wp\/v2\/product"}],"about":[{"href":"https:\/\/dolati.shop\/index.php\/wp-json\/wp\/v2\/types\/product"}],"replies":[{"embeddable":true,"href":"https:\/\/dolati.shop\/index.php\/wp-json\/wp\/v2\/comments?post=1829"}],"version-history":[{"count":2,"href":"https:\/\/dolati.shop\/index.php\/wp-json\/wp\/v2\/product\/1829\/revisions"}],"predecessor-version":[{"id":2743,"href":"https:\/\/dolati.shop\/index.php\/wp-json\/wp\/v2\/product\/1829\/revisions\/2743"}],"wp:featuredmedia":[{"embeddable":true,"href":"https:\/\/dolati.shop\/index.php\/wp-json\/wp\/v2\/media\/1831"}],"wp:attachment":[{"href":"https:\/\/dolati.shop\/index.php\/wp-json\/wp\/v2\/media?parent=1829"}],"wp:term":[{"taxonomy":"product_brand","embeddable":true,"href":"https:\/\/dolati.shop\/index.php\/wp-json\/wp\/v2\/product_brand?post=1829"},{"taxonomy":"product_cat","embeddable":true,"href":"https:\/\/dolati.shop\/index.php\/wp-json\/wp\/v2\/product_cat?post=1829"},{"taxonomy":"product_tag","embeddable":true,"href":"https:\/\/dolati.shop\/index.php\/wp-json\/wp\/v2\/product_tag?post=1829"}],"curies":[{"name":"wp","href":"https:\/\/api.w.org\/{rel}","templated":true}]}}