{"id":1725,"date":"2023-11-06T17:27:03","date_gmt":"2023-11-06T16:27:03","guid":{"rendered":"https:\/\/dolati.shop\/?post_type=product&#038;p=1725"},"modified":"2023-11-23T10:02:37","modified_gmt":"2023-11-23T09:02:37","slug":"bougeoir-baton-maison-en-bois-11-3cm","status":"publish","type":"product","link":"https:\/\/dolati.shop\/index.php\/product\/bougeoir-baton-maison-en-bois-11-3cm\/","title":{"rendered":"Bougeoir maison"},"content":{"rendered":"\n<figure class=\"wp-block-image\"><img decoding=\"async\" src=\"https:\/\/img.ankorstore.com\/brands\/rounded\/20795-47d648b374bde7.jpg?auto=format%2Ccompress&amp;fm=pjpg&amp;dpr=1&amp;w=72\" alt=\"GILDE\" \/><\/figure>\n\n\n\n<p>GILDE<\/p>\n","protected":false},"excerpt":{"rendered":"<p>Description<br \/>Bougeoir maison cr\u00e8me et noir et couleur naturelle, avec insert m\u00e9tallique pour bougie b\u00e2ton, en bois MDF<\/p>\n<p><strong>Dimensions<\/strong><br \/>Taille L : <br \/>Longueur : 6 cm<br \/>Largeur : 6cm<br \/>Hauteur 14cm<\/p>\n<p>Taille M :<br \/>Longueur 6 cm<br \/>Largeur 6 cm<br \/>Hauteur 11.3 cm<\/p>\n<p>Taille S :<br \/>Longueur 7.5 cm<br \/>Largeur 7.5 cm<br \/>Hauteur 8 cm<\/p>\n","protected":false},"featured_media":1727,"comment_status":"open","ping_status":"closed","template":"","meta":[],"product_brand":[],"product_cat":[129,31,145],"product_tag":[],"class_list":{"0":"post-1725","1":"product","2":"type-product","3":"status-publish","4":"has-post-thumbnail","6":"product_cat-bougeoirs","7":"product_cat-noel","8":"product_cat-toute-la-collection","10":"first","11":"instock","12":"purchasable","13":"product-type-variable","14":"has-default-attributes","15":"customify-col","16":"product-has-gallery"},"mb":[],"jetpack_sharing_enabled":true,"mfb_rest_fields":["title","jetpack_sharing_enabled","gutenberg_elementor_mode"],"_links":{"self":[{"href":"https:\/\/dolati.shop\/index.php\/wp-json\/wp\/v2\/product\/1725","targetHints":{"allow":["GET"]}}],"collection":[{"href":"https:\/\/dolati.shop\/index.php\/wp-json\/wp\/v2\/product"}],"about":[{"href":"https:\/\/dolati.shop\/index.php\/wp-json\/wp\/v2\/types\/product"}],"replies":[{"embeddable":true,"href":"https:\/\/dolati.shop\/index.php\/wp-json\/wp\/v2\/comments?post=1725"}],"version-history":[{"count":1,"href":"https:\/\/dolati.shop\/index.php\/wp-json\/wp\/v2\/product\/1725\/revisions"}],"predecessor-version":[{"id":2367,"href":"https:\/\/dolati.shop\/index.php\/wp-json\/wp\/v2\/product\/1725\/revisions\/2367"}],"wp:featuredmedia":[{"embeddable":true,"href":"https:\/\/dolati.shop\/index.php\/wp-json\/wp\/v2\/media\/1727"}],"wp:attachment":[{"href":"https:\/\/dolati.shop\/index.php\/wp-json\/wp\/v2\/media?parent=1725"}],"wp:term":[{"taxonomy":"product_brand","embeddable":true,"href":"https:\/\/dolati.shop\/index.php\/wp-json\/wp\/v2\/product_brand?post=1725"},{"taxonomy":"product_cat","embeddable":true,"href":"https:\/\/dolati.shop\/index.php\/wp-json\/wp\/v2\/product_cat?post=1725"},{"taxonomy":"product_tag","embeddable":true,"href":"https:\/\/dolati.shop\/index.php\/wp-json\/wp\/v2\/product_tag?post=1725"}],"curies":[{"name":"wp","href":"https:\/\/api.w.org\/{rel}","templated":true}]}}