{"id":1668,"date":"2023-11-05T20:01:36","date_gmt":"2023-11-05T19:01:36","guid":{"rendered":"https:\/\/dolati.shop\/?post_type=product&#038;p=1668"},"modified":"2025-08-06T22:06:40","modified_gmt":"2025-08-06T20:06:40","slug":"etagere-murale-pomme-en-rotin","status":"publish","type":"product","link":"https:\/\/dolati.shop\/index.php\/product\/etagere-murale-pomme-en-rotin\/","title":{"rendered":"\u00c9tag\u00e8re murale pomme en rotin"},"content":{"rendered":"\n<figure class=\"wp-block-image\"><img decoding=\"async\" src=\"https:\/\/img.ankorstore.com\/brands\/rounded\/14864-47d68e50c68383.jpg?auto=format%2Ccompress&amp;fm=pjpg&amp;dpr=1&amp;w=72\" alt=\"Bambu Living\" \/><\/figure>\n\n\n\n<p>Bambu Living<\/p>\n","protected":false},"excerpt":{"rendered":"<p>Description<br \/>Support mural en rotin en forme de pomme. <br \/>Ce support mural est vraiment une pi\u00e8ce unique. Vous pourrez y ranger vos objets pr\u00e9f\u00e9r\u00e9s tels que des onguents, des lingettes, des peluches ou d&rsquo;autres accessoires. <br \/>Gr\u00e2ce au rotin, le support s&rsquo;int\u00e8gre parfaitement dans la chambre de b\u00e9b\u00e9 ! Mais si vous \u00eates \u00e9galement un fan de ce style, le rack s&rsquo;int\u00e9grera parfaitement dans n&rsquo;importe quelle autre pi\u00e8ce de la maison.<\/p>\n<p>Dimensions :<br \/>40&#215;30 cm<\/p>\n","protected":false},"featured_media":1669,"comment_status":"open","ping_status":"closed","template":"","meta":[],"product_brand":[],"product_cat":[17,145],"product_tag":[],"class_list":{"0":"post-1668","1":"product","2":"type-product","3":"status-publish","4":"has-post-thumbnail","6":"product_cat-decoration-murale","7":"product_cat-toute-la-collection","9":"first","10":"instock","11":"purchasable","12":"product-type-simple","13":"customify-col","14":"product-has-gallery"},"mb":[],"jetpack_sharing_enabled":true,"mfb_rest_fields":["title","jetpack_sharing_enabled","gutenberg_elementor_mode"],"_links":{"self":[{"href":"https:\/\/dolati.shop\/index.php\/wp-json\/wp\/v2\/product\/1668","targetHints":{"allow":["GET"]}}],"collection":[{"href":"https:\/\/dolati.shop\/index.php\/wp-json\/wp\/v2\/product"}],"about":[{"href":"https:\/\/dolati.shop\/index.php\/wp-json\/wp\/v2\/types\/product"}],"replies":[{"embeddable":true,"href":"https:\/\/dolati.shop\/index.php\/wp-json\/wp\/v2\/comments?post=1668"}],"version-history":[{"count":1,"href":"https:\/\/dolati.shop\/index.php\/wp-json\/wp\/v2\/product\/1668\/revisions"}],"predecessor-version":[{"id":2569,"href":"https:\/\/dolati.shop\/index.php\/wp-json\/wp\/v2\/product\/1668\/revisions\/2569"}],"wp:featuredmedia":[{"embeddable":true,"href":"https:\/\/dolati.shop\/index.php\/wp-json\/wp\/v2\/media\/1669"}],"wp:attachment":[{"href":"https:\/\/dolati.shop\/index.php\/wp-json\/wp\/v2\/media?parent=1668"}],"wp:term":[{"taxonomy":"product_brand","embeddable":true,"href":"https:\/\/dolati.shop\/index.php\/wp-json\/wp\/v2\/product_brand?post=1668"},{"taxonomy":"product_cat","embeddable":true,"href":"https:\/\/dolati.shop\/index.php\/wp-json\/wp\/v2\/product_cat?post=1668"},{"taxonomy":"product_tag","embeddable":true,"href":"https:\/\/dolati.shop\/index.php\/wp-json\/wp\/v2\/product_tag?post=1668"}],"curies":[{"name":"wp","href":"https:\/\/api.w.org\/{rel}","templated":true}]}}