{"id":1499,"date":"2023-11-04T19:03:57","date_gmt":"2023-11-04T18:03:57","guid":{"rendered":"https:\/\/dolati.shop\/?post_type=product&#038;p=1499"},"modified":"2023-11-23T10:02:38","modified_gmt":"2023-11-23T09:02:38","slug":"bougeoir-totem-en-bois-court-no-5","status":"publish","type":"product","link":"https:\/\/dolati.shop\/index.php\/product\/bougeoir-totem-en-bois-court-no-5\/","title":{"rendered":"Bougeoir Totem en Bois &#8211; Court N\u00ba 5"},"content":{"rendered":"\n<figure class=\"wp-block-image\"><img decoding=\"async\" src=\"https:\/\/img.ankorstore.com\/brands\/rounded\/2307-47d7011c94ac1b.jpg?auto=format%2Ccompress&amp;fm=pjpg&amp;dpr=1&amp;w=72\" alt=\"5mm Paper\" \/><\/figure>\n\n\n\n<p>5mm Paper<\/p>\n","protected":false},"excerpt":{"rendered":"<p>Description<br \/>5cm de diam\u00e8tre<br \/>5cm de haut<\/p>\n<p>Ce bougeoir de style scandinave \u00e0 la fois moderne et ludique est fabriqu\u00e9 en bois de h\u00eatre massif. Le bois est fini avec une couche d&rsquo;\u00e9co-vernis protecteur. Ce bougeoir rond en bois de h\u00eatre tourn\u00e9 \u00e0 la main fait partie de la famille des bougeoirs totem qui se compose de 15 formes et tailles diff\u00e9rentes. Les bougeoirs totem en bois sont inspir\u00e9s du totem am\u00e9rindien, traduits en une pi\u00e8ce de d\u00e9coration moderne et pratique.<\/p>\n<p>Ce bougeoir moderne en bois de h\u00eatre massif clair sera tendance dans tout int\u00e9rieur nordique moderne et minimaliste. Les bougeoirs sont tourn\u00e9s \u00e0 la main \u00e0 partir de bois de h\u00eatre massif et ont un insert en laiton, pour vous permettre d&rsquo;y installer facilement une bougie. Les diff\u00e9rentes formes des bougeoirs en bois peuvent \u00eatre combin\u00e9es, pour cr\u00e9er un d\u00e9cor de table ludique et \u00e9l\u00e9gant.<\/p>\n<p>Les bougeoirs sont le cadeau parfait pour tout amateur de design d&rsquo;int\u00e9rieur, ou sont un beau cadeau pour vous-m\u00eame pour d\u00e9corer votre maison. Les bougeoirs attireront tous les regards sur diff\u00e9rents styles de table, tels que minimal, boh\u00e8me, scandinave et m\u00eame un style d&rsquo;int\u00e9rieur plus traditionnel.<\/p>\n<p>Les bougeoirs sont disponibles en diff\u00e9rentes tailles, ce qui les rend faciles \u00e0 combiner et \u00e0 cr\u00e9er un d\u00e9cor de table amusant et impressionnant.<\/p>\n","protected":false},"featured_media":1500,"comment_status":"open","ping_status":"closed","template":"","meta":[],"product_brand":[],"product_cat":[129,145],"product_tag":[],"class_list":{"0":"post-1499","1":"product","2":"type-product","3":"status-publish","4":"has-post-thumbnail","6":"product_cat-bougeoirs","7":"product_cat-toute-la-collection","9":"first","10":"instock","11":"purchasable","12":"product-type-simple","13":"customify-col","14":"product-has-gallery"},"mb":[],"jetpack_sharing_enabled":true,"mfb_rest_fields":["title","jetpack_sharing_enabled","gutenberg_elementor_mode"],"_links":{"self":[{"href":"https:\/\/dolati.shop\/index.php\/wp-json\/wp\/v2\/product\/1499","targetHints":{"allow":["GET"]}}],"collection":[{"href":"https:\/\/dolati.shop\/index.php\/wp-json\/wp\/v2\/product"}],"about":[{"href":"https:\/\/dolati.shop\/index.php\/wp-json\/wp\/v2\/types\/product"}],"replies":[{"embeddable":true,"href":"https:\/\/dolati.shop\/index.php\/wp-json\/wp\/v2\/comments?post=1499"}],"version-history":[{"count":1,"href":"https:\/\/dolati.shop\/index.php\/wp-json\/wp\/v2\/product\/1499\/revisions"}],"predecessor-version":[{"id":2572,"href":"https:\/\/dolati.shop\/index.php\/wp-json\/wp\/v2\/product\/1499\/revisions\/2572"}],"wp:featuredmedia":[{"embeddable":true,"href":"https:\/\/dolati.shop\/index.php\/wp-json\/wp\/v2\/media\/1500"}],"wp:attachment":[{"href":"https:\/\/dolati.shop\/index.php\/wp-json\/wp\/v2\/media?parent=1499"}],"wp:term":[{"taxonomy":"product_brand","embeddable":true,"href":"https:\/\/dolati.shop\/index.php\/wp-json\/wp\/v2\/product_brand?post=1499"},{"taxonomy":"product_cat","embeddable":true,"href":"https:\/\/dolati.shop\/index.php\/wp-json\/wp\/v2\/product_cat?post=1499"},{"taxonomy":"product_tag","embeddable":true,"href":"https:\/\/dolati.shop\/index.php\/wp-json\/wp\/v2\/product_tag?post=1499"}],"curies":[{"name":"wp","href":"https:\/\/api.w.org\/{rel}","templated":true}]}}