{"id":1464,"date":"2023-11-03T16:57:08","date_gmt":"2023-11-03T15:57:08","guid":{"rendered":"https:\/\/dolati.shop\/?post_type=product&#038;p=1464"},"modified":"2024-03-27T18:54:26","modified_gmt":"2024-03-27T17:54:26","slug":"pot-a-miel-ruche-en-verre-et-bois","status":"publish","type":"product","link":"https:\/\/dolati.shop\/index.php\/product\/pot-a-miel-ruche-en-verre-et-bois\/","title":{"rendered":"POT A MIEL RUCHE EN VERRE ET BOIS"},"content":{"rendered":"\n<figure class=\"wp-block-image\"><img decoding=\"async\" src=\"https:\/\/img.ankorstore.com\/brands\/rounded\/2935-47e00298b3b801.jpg?auto=format%2Ccompress&amp;fm=pjpg&amp;dpr=1&amp;w=72\" alt=\"Aulica\" \/><\/figure>\n\n\n\n<p>Aulica<\/p>\n","protected":false},"excerpt":{"rendered":"<p>Description<br \/>Pot \u00e0 miel en verre et bois, petit pot simple et \u00e9pur\u00e9 pour votre table de petit dejeuner, ou d\u00e9corer votre cuisine<\/p>\n<p>Dimensions<br \/>10x10x13cm<\/p>\n<p>Volume<br \/>400ml<\/p>\n<p>Mat\u00e9riaux<br \/>VERRE et BOIS<\/p>\n","protected":false},"featured_media":1465,"comment_status":"open","ping_status":"closed","template":"","meta":[],"product_brand":[],"product_cat":[124,145],"product_tag":[],"class_list":{"0":"post-1464","1":"product","2":"type-product","3":"status-publish","4":"has-post-thumbnail","6":"product_cat-accessoires","7":"product_cat-toute-la-collection","9":"first","10":"instock","11":"purchasable","12":"product-type-simple","13":"customify-col","14":"product-has-gallery"},"mb":[],"jetpack_sharing_enabled":true,"mfb_rest_fields":["title","jetpack_sharing_enabled","gutenberg_elementor_mode"],"_links":{"self":[{"href":"https:\/\/dolati.shop\/index.php\/wp-json\/wp\/v2\/product\/1464","targetHints":{"allow":["GET"]}}],"collection":[{"href":"https:\/\/dolati.shop\/index.php\/wp-json\/wp\/v2\/product"}],"about":[{"href":"https:\/\/dolati.shop\/index.php\/wp-json\/wp\/v2\/types\/product"}],"replies":[{"embeddable":true,"href":"https:\/\/dolati.shop\/index.php\/wp-json\/wp\/v2\/comments?post=1464"}],"version-history":[{"count":1,"href":"https:\/\/dolati.shop\/index.php\/wp-json\/wp\/v2\/product\/1464\/revisions"}],"predecessor-version":[{"id":2583,"href":"https:\/\/dolati.shop\/index.php\/wp-json\/wp\/v2\/product\/1464\/revisions\/2583"}],"wp:featuredmedia":[{"embeddable":true,"href":"https:\/\/dolati.shop\/index.php\/wp-json\/wp\/v2\/media\/1465"}],"wp:attachment":[{"href":"https:\/\/dolati.shop\/index.php\/wp-json\/wp\/v2\/media?parent=1464"}],"wp:term":[{"taxonomy":"product_brand","embeddable":true,"href":"https:\/\/dolati.shop\/index.php\/wp-json\/wp\/v2\/product_brand?post=1464"},{"taxonomy":"product_cat","embeddable":true,"href":"https:\/\/dolati.shop\/index.php\/wp-json\/wp\/v2\/product_cat?post=1464"},{"taxonomy":"product_tag","embeddable":true,"href":"https:\/\/dolati.shop\/index.php\/wp-json\/wp\/v2\/product_tag?post=1464"}],"curies":[{"name":"wp","href":"https:\/\/api.w.org\/{rel}","templated":true}]}}