{"id":1461,"date":"2023-11-03T16:52:09","date_gmt":"2023-11-03T15:52:09","guid":{"rendered":"https:\/\/dolati.shop\/?post_type=product&#038;p=1461"},"modified":"2023-11-23T10:02:39","modified_gmt":"2023-11-23T09:02:39","slug":"sapin-argent-decoratif-en-verre","status":"publish","type":"product","link":"https:\/\/dolati.shop\/index.php\/product\/sapin-argent-decoratif-en-verre\/","title":{"rendered":"Sapin argent H25cm"},"content":{"rendered":"\n<figure class=\"wp-block-image\"><img decoding=\"async\" src=\"https:\/\/img.ankorstore.com\/brands\/rounded\/2935-47e00298b3b801.jpg?auto=format%2Ccompress&amp;fm=pjpg&amp;dpr=1&amp;w=72\" alt=\"Aulica\" \/><\/figure>\n\n\n\n<p>Aulica<\/p>\n","protected":false},"excerpt":{"rendered":"<p>Description<br \/>Sapin argent paillet\u00e9 d\u00e9coratif en verre hauteur 25cm, parfait pour d\u00e9corer votre maison lors des f\u00eates de fin d&rsquo;ann\u00e9e, s&rsquo;illumine (petite guirlande lumineuse \u00e0 l&rsquo;int\u00e9rieur)<\/p>\n<p>Dimensions<br \/>8x8x25 cm<\/p>\n<p>Mat\u00e9riaux<br \/>VERRE<\/p>\n","protected":false},"featured_media":1462,"comment_status":"open","ping_status":"closed","template":"","meta":[],"product_brand":[],"product_cat":[31,145],"product_tag":[],"class_list":{"0":"post-1461","1":"product","2":"type-product","3":"status-publish","4":"has-post-thumbnail","6":"product_cat-noel","7":"product_cat-toute-la-collection","9":"first","10":"instock","11":"purchasable","12":"product-type-simple","13":"customify-col","14":"product-has-gallery"},"mb":[],"jetpack_sharing_enabled":true,"mfb_rest_fields":["title","jetpack_sharing_enabled","gutenberg_elementor_mode"],"_links":{"self":[{"href":"https:\/\/dolati.shop\/index.php\/wp-json\/wp\/v2\/product\/1461","targetHints":{"allow":["GET"]}}],"collection":[{"href":"https:\/\/dolati.shop\/index.php\/wp-json\/wp\/v2\/product"}],"about":[{"href":"https:\/\/dolati.shop\/index.php\/wp-json\/wp\/v2\/types\/product"}],"replies":[{"embeddable":true,"href":"https:\/\/dolati.shop\/index.php\/wp-json\/wp\/v2\/comments?post=1461"}],"version-history":[{"count":1,"href":"https:\/\/dolati.shop\/index.php\/wp-json\/wp\/v2\/product\/1461\/revisions"}],"predecessor-version":[{"id":2584,"href":"https:\/\/dolati.shop\/index.php\/wp-json\/wp\/v2\/product\/1461\/revisions\/2584"}],"wp:featuredmedia":[{"embeddable":true,"href":"https:\/\/dolati.shop\/index.php\/wp-json\/wp\/v2\/media\/1462"}],"wp:attachment":[{"href":"https:\/\/dolati.shop\/index.php\/wp-json\/wp\/v2\/media?parent=1461"}],"wp:term":[{"taxonomy":"product_brand","embeddable":true,"href":"https:\/\/dolati.shop\/index.php\/wp-json\/wp\/v2\/product_brand?post=1461"},{"taxonomy":"product_cat","embeddable":true,"href":"https:\/\/dolati.shop\/index.php\/wp-json\/wp\/v2\/product_cat?post=1461"},{"taxonomy":"product_tag","embeddable":true,"href":"https:\/\/dolati.shop\/index.php\/wp-json\/wp\/v2\/product_tag?post=1461"}],"curies":[{"name":"wp","href":"https:\/\/api.w.org\/{rel}","templated":true}]}}