{"id":1430,"date":"2023-11-03T14:40:19","date_gmt":"2023-11-03T13:40:19","guid":{"rendered":"https:\/\/dolati.shop\/?post_type=product&#038;p=1430"},"modified":"2023-11-23T10:02:40","modified_gmt":"2023-11-23T09:02:40","slug":"housse-de-coussin-en-coton-tufte-texture-m-jarawa","status":"publish","type":"product","link":"https:\/\/dolati.shop\/index.php\/product\/housse-de-coussin-en-coton-tufte-texture-m-jarawa\/","title":{"rendered":"Housse de coussin en coton tuft\u00e9 textur\u00e9 Jarawa"},"content":{"rendered":"\n<figure class=\"wp-block-image\"><img decoding=\"async\" src=\"https:\/\/img.ankorstore.com\/brands\/rounded\/22054-47dfb88dbdb6ad.jpg?auto=format%2Ccompress&amp;fm=pjpg&amp;dpr=1&amp;w=72\" alt=\"MYC HOME LINENS\" \/><\/figure>\n\n\n\n<p>MYC HOME LINENS<\/p>\n","protected":false},"excerpt":{"rendered":"<p>Description<br \/>Coussin blanc \u00e0 rayures de diff\u00e9rentes couleurs (p\u00eache, past\u00e8que, bleu clair,&#8230;) en tissu de coton tuft\u00e9. <\/p>\n<p>Collection Artisan, des produits fabriqu\u00e9s \u00e0 la main, avec des mat\u00e9riaux naturels et sans l&rsquo;utilisation de plastiques dans l&#8217;emballage.<\/p>\n<p>Dimensions : <br \/>45&#215;45 cm<\/p>\n<p>Sans rembourrage<\/p>\n<p>Entretien :<br \/>Lavage en machine \u00e0 froid, s\u00e9chage \u00e0 plat.<\/p>\n","protected":false},"featured_media":1431,"comment_status":"open","ping_status":"closed","template":"","meta":[],"product_brand":[],"product_cat":[29,145],"product_tag":[],"class_list":{"0":"post-1430","1":"product","2":"type-product","3":"status-publish","4":"has-post-thumbnail","6":"product_cat-coussins","7":"product_cat-toute-la-collection","9":"first","10":"instock","11":"purchasable","12":"product-type-simple","13":"customify-col"},"mb":[],"jetpack_sharing_enabled":true,"mfb_rest_fields":["title","jetpack_sharing_enabled","gutenberg_elementor_mode"],"_links":{"self":[{"href":"https:\/\/dolati.shop\/index.php\/wp-json\/wp\/v2\/product\/1430","targetHints":{"allow":["GET"]}}],"collection":[{"href":"https:\/\/dolati.shop\/index.php\/wp-json\/wp\/v2\/product"}],"about":[{"href":"https:\/\/dolati.shop\/index.php\/wp-json\/wp\/v2\/types\/product"}],"replies":[{"embeddable":true,"href":"https:\/\/dolati.shop\/index.php\/wp-json\/wp\/v2\/comments?post=1430"}],"version-history":[{"count":1,"href":"https:\/\/dolati.shop\/index.php\/wp-json\/wp\/v2\/product\/1430\/revisions"}],"predecessor-version":[{"id":2592,"href":"https:\/\/dolati.shop\/index.php\/wp-json\/wp\/v2\/product\/1430\/revisions\/2592"}],"wp:featuredmedia":[{"embeddable":true,"href":"https:\/\/dolati.shop\/index.php\/wp-json\/wp\/v2\/media\/1431"}],"wp:attachment":[{"href":"https:\/\/dolati.shop\/index.php\/wp-json\/wp\/v2\/media?parent=1430"}],"wp:term":[{"taxonomy":"product_brand","embeddable":true,"href":"https:\/\/dolati.shop\/index.php\/wp-json\/wp\/v2\/product_brand?post=1430"},{"taxonomy":"product_cat","embeddable":true,"href":"https:\/\/dolati.shop\/index.php\/wp-json\/wp\/v2\/product_cat?post=1430"},{"taxonomy":"product_tag","embeddable":true,"href":"https:\/\/dolati.shop\/index.php\/wp-json\/wp\/v2\/product_tag?post=1430"}],"curies":[{"name":"wp","href":"https:\/\/api.w.org\/{rel}","templated":true}]}}