{"id":1428,"date":"2023-11-03T14:35:46","date_gmt":"2023-11-03T13:35:46","guid":{"rendered":"https:\/\/dolati.shop\/?post_type=product&#038;p=1428"},"modified":"2023-11-23T10:02:40","modified_gmt":"2023-11-23T09:02:40","slug":"housse-de-coussin-en-coton-a-pompons-m-okapi","status":"publish","type":"product","link":"https:\/\/dolati.shop\/index.php\/product\/housse-de-coussin-en-coton-a-pompons-m-okapi\/","title":{"rendered":"Housse de coussin en coton \u00e0 pompons Okapi"},"content":{"rendered":"\n<figure class=\"wp-block-image\"><img decoding=\"async\" src=\"https:\/\/img.ankorstore.com\/brands\/rounded\/22054-47dfb88dbdb6ad.jpg?auto=format%2Ccompress&amp;fm=pjpg&amp;dpr=1&amp;w=72\" alt=\"MYC HOME LINENS\" \/><\/figure>\n\n\n\n<p>MYC HOME LINENS<\/p>\n","protected":false},"excerpt":{"rendered":"<p>Description<br \/>Coussin bicolore avec applications, franges et pompons de diff\u00e9rentes couleurs. <\/p>\n<p>Produits fabriqu\u00e9s \u00e0 la main, avec des mat\u00e9riaux naturels et sans l&rsquo;utilisation de plastiques dans l&#8217;emballage. La gamme Artisan est r\u00e9alis\u00e9e \u00e0 la main, ce qui rend chaque v\u00eatement unique.<\/p>\n<p>Dimensions :<br \/>45&#215;45 cm<\/p>\n<p>Sans rembourrage<\/p>\n<p>Entretien : <br \/>lavage en machine \u00e0 froid, s\u00e9chage \u00e0 plat.<\/p>\n","protected":false},"featured_media":1429,"comment_status":"open","ping_status":"closed","template":"","meta":[],"product_brand":[],"product_cat":[29,145],"product_tag":[],"class_list":{"0":"post-1428","1":"product","2":"type-product","3":"status-publish","4":"has-post-thumbnail","6":"product_cat-coussins","7":"product_cat-toute-la-collection","9":"first","10":"instock","11":"purchasable","12":"product-type-simple","13":"customify-col"},"mb":[],"jetpack_sharing_enabled":true,"mfb_rest_fields":["title","jetpack_sharing_enabled","gutenberg_elementor_mode"],"_links":{"self":[{"href":"https:\/\/dolati.shop\/index.php\/wp-json\/wp\/v2\/product\/1428","targetHints":{"allow":["GET"]}}],"collection":[{"href":"https:\/\/dolati.shop\/index.php\/wp-json\/wp\/v2\/product"}],"about":[{"href":"https:\/\/dolati.shop\/index.php\/wp-json\/wp\/v2\/types\/product"}],"replies":[{"embeddable":true,"href":"https:\/\/dolati.shop\/index.php\/wp-json\/wp\/v2\/comments?post=1428"}],"version-history":[{"count":1,"href":"https:\/\/dolati.shop\/index.php\/wp-json\/wp\/v2\/product\/1428\/revisions"}],"predecessor-version":[{"id":2593,"href":"https:\/\/dolati.shop\/index.php\/wp-json\/wp\/v2\/product\/1428\/revisions\/2593"}],"wp:featuredmedia":[{"embeddable":true,"href":"https:\/\/dolati.shop\/index.php\/wp-json\/wp\/v2\/media\/1429"}],"wp:attachment":[{"href":"https:\/\/dolati.shop\/index.php\/wp-json\/wp\/v2\/media?parent=1428"}],"wp:term":[{"taxonomy":"product_brand","embeddable":true,"href":"https:\/\/dolati.shop\/index.php\/wp-json\/wp\/v2\/product_brand?post=1428"},{"taxonomy":"product_cat","embeddable":true,"href":"https:\/\/dolati.shop\/index.php\/wp-json\/wp\/v2\/product_cat?post=1428"},{"taxonomy":"product_tag","embeddable":true,"href":"https:\/\/dolati.shop\/index.php\/wp-json\/wp\/v2\/product_tag?post=1428"}],"curies":[{"name":"wp","href":"https:\/\/api.w.org\/{rel}","templated":true}]}}