{"id":1419,"date":"2023-11-03T12:19:55","date_gmt":"2023-11-03T11:19:55","guid":{"rendered":"https:\/\/dolati.shop\/?post_type=product&#038;p=1419"},"modified":"2024-02-19T09:37:34","modified_gmt":"2024-02-19T08:37:34","slug":"set-3-torchons-de-cuisine-en-coton-assortis","status":"publish","type":"product","link":"https:\/\/dolati.shop\/index.php\/product\/set-3-torchons-de-cuisine-en-coton-assortis\/","title":{"rendered":"Set 3 torchons de cuisine en coton assortis"},"content":{"rendered":"\n<figure class=\"wp-block-image\"><img decoding=\"async\" src=\"https:\/\/img.ankorstore.com\/brands\/rounded\/22054-47dfb88dbdb6ad.jpg?auto=format%2Ccompress&amp;fm=pjpg&amp;dpr=1&amp;w=72\" alt=\"MYC HOME LINENS\" \/><\/figure>\n\n\n\n<p>MYC HOME LINENS<\/p>\n","protected":false},"excerpt":{"rendered":"<p>Description<br \/>Lot de 3 torchons de cuisine de qualit\u00e9 100 % coton. L&rsquo;ensemble comprend un tissu uni et deux imprim\u00e9s. Couleur charbon. Il y a une corde \u00e0 une extr\u00e9mit\u00e9 pour le suspendre. Absorbant et de qualit\u00e9.<\/p>\n<p>Composition:<br \/>100% Coton<\/p>\n<p>Dimensions :<br \/>50 x 70 cm<\/p>\n","protected":false},"featured_media":1420,"comment_status":"open","ping_status":"closed","template":"","meta":[],"product_brand":[],"product_cat":[124,145],"product_tag":[],"class_list":{"0":"post-1419","1":"product","2":"type-product","3":"status-publish","4":"has-post-thumbnail","6":"product_cat-accessoires","7":"product_cat-toute-la-collection","9":"first","10":"instock","11":"purchasable","12":"product-type-simple","13":"customify-col"},"mb":[],"jetpack_sharing_enabled":true,"mfb_rest_fields":["title","jetpack_sharing_enabled","gutenberg_elementor_mode"],"_links":{"self":[{"href":"https:\/\/dolati.shop\/index.php\/wp-json\/wp\/v2\/product\/1419","targetHints":{"allow":["GET"]}}],"collection":[{"href":"https:\/\/dolati.shop\/index.php\/wp-json\/wp\/v2\/product"}],"about":[{"href":"https:\/\/dolati.shop\/index.php\/wp-json\/wp\/v2\/types\/product"}],"replies":[{"embeddable":true,"href":"https:\/\/dolati.shop\/index.php\/wp-json\/wp\/v2\/comments?post=1419"}],"version-history":[{"count":1,"href":"https:\/\/dolati.shop\/index.php\/wp-json\/wp\/v2\/product\/1419\/revisions"}],"predecessor-version":[{"id":2597,"href":"https:\/\/dolati.shop\/index.php\/wp-json\/wp\/v2\/product\/1419\/revisions\/2597"}],"wp:featuredmedia":[{"embeddable":true,"href":"https:\/\/dolati.shop\/index.php\/wp-json\/wp\/v2\/media\/1420"}],"wp:attachment":[{"href":"https:\/\/dolati.shop\/index.php\/wp-json\/wp\/v2\/media?parent=1419"}],"wp:term":[{"taxonomy":"product_brand","embeddable":true,"href":"https:\/\/dolati.shop\/index.php\/wp-json\/wp\/v2\/product_brand?post=1419"},{"taxonomy":"product_cat","embeddable":true,"href":"https:\/\/dolati.shop\/index.php\/wp-json\/wp\/v2\/product_cat?post=1419"},{"taxonomy":"product_tag","embeddable":true,"href":"https:\/\/dolati.shop\/index.php\/wp-json\/wp\/v2\/product_tag?post=1419"}],"curies":[{"name":"wp","href":"https:\/\/api.w.org\/{rel}","templated":true}]}}