{"id":1416,"date":"2023-11-03T12:10:30","date_gmt":"2023-11-03T11:10:30","guid":{"rendered":"https:\/\/dolati.shop\/?post_type=product&#038;p=1416"},"modified":"2023-11-23T10:02:40","modified_gmt":"2023-11-23T09:02:40","slug":"coussin-capitonne-imprime-ref-retro-05","status":"publish","type":"product","link":"https:\/\/dolati.shop\/index.php\/product\/coussin-capitonne-imprime-ref-retro-05\/","title":{"rendered":"Coussin capitonn\u00e9 imprim\u00e9 Retro.05"},"content":{"rendered":"\n<figure class=\"wp-block-image\"><img decoding=\"async\" src=\"https:\/\/img.ankorstore.com\/brands\/rounded\/22054-47dfb88dbdb6ad.jpg?auto=format%2Ccompress&amp;fm=pjpg&amp;dpr=1&amp;w=72\" alt=\"MYC HOME LINENS\" \/><\/figure>\n\n\n\n<p>MYC HOME LINENS<\/p>\n","protected":false},"excerpt":{"rendered":"<p>Description<br \/>Coussin tuft\u00e9 100% coton, tr\u00e8s moelleux, imprim\u00e9 RetroMood.<br \/>Rembourrage d\u00e9j\u00e0 inclus, d\u00e9houssable<\/p>\n<p>Dimansions : <br \/>40x40cm<\/p>\n","protected":false},"featured_media":1414,"comment_status":"open","ping_status":"closed","template":"","meta":[],"product_brand":[],"product_cat":[29,145],"product_tag":[],"class_list":{"0":"post-1416","1":"product","2":"type-product","3":"status-publish","4":"has-post-thumbnail","6":"product_cat-coussins","7":"product_cat-toute-la-collection","9":"first","10":"instock","11":"purchasable","12":"product-type-simple","13":"customify-col"},"mb":[],"jetpack_sharing_enabled":true,"mfb_rest_fields":["title","jetpack_sharing_enabled","gutenberg_elementor_mode"],"_links":{"self":[{"href":"https:\/\/dolati.shop\/index.php\/wp-json\/wp\/v2\/product\/1416","targetHints":{"allow":["GET"]}}],"collection":[{"href":"https:\/\/dolati.shop\/index.php\/wp-json\/wp\/v2\/product"}],"about":[{"href":"https:\/\/dolati.shop\/index.php\/wp-json\/wp\/v2\/types\/product"}],"replies":[{"embeddable":true,"href":"https:\/\/dolati.shop\/index.php\/wp-json\/wp\/v2\/comments?post=1416"}],"version-history":[{"count":1,"href":"https:\/\/dolati.shop\/index.php\/wp-json\/wp\/v2\/product\/1416\/revisions"}],"predecessor-version":[{"id":2599,"href":"https:\/\/dolati.shop\/index.php\/wp-json\/wp\/v2\/product\/1416\/revisions\/2599"}],"wp:featuredmedia":[{"embeddable":true,"href":"https:\/\/dolati.shop\/index.php\/wp-json\/wp\/v2\/media\/1414"}],"wp:attachment":[{"href":"https:\/\/dolati.shop\/index.php\/wp-json\/wp\/v2\/media?parent=1416"}],"wp:term":[{"taxonomy":"product_brand","embeddable":true,"href":"https:\/\/dolati.shop\/index.php\/wp-json\/wp\/v2\/product_brand?post=1416"},{"taxonomy":"product_cat","embeddable":true,"href":"https:\/\/dolati.shop\/index.php\/wp-json\/wp\/v2\/product_cat?post=1416"},{"taxonomy":"product_tag","embeddable":true,"href":"https:\/\/dolati.shop\/index.php\/wp-json\/wp\/v2\/product_tag?post=1416"}],"curies":[{"name":"wp","href":"https:\/\/api.w.org\/{rel}","templated":true}]}}