{"id":1201,"date":"2023-10-27T17:19:46","date_gmt":"2023-10-27T15:19:46","guid":{"rendered":"https:\/\/dolati.shop\/?post_type=product&#038;p=1201"},"modified":"2023-12-31T16:01:49","modified_gmt":"2023-12-31T15:01:49","slug":"sapin-de-noel-figurine-decorative-h197cm","status":"publish","type":"product","link":"https:\/\/dolati.shop\/index.php\/product\/sapin-de-noel-figurine-decorative-h197cm\/","title":{"rendered":"Sapin de No\u00ebl dor\u00e9 en c\u00e9ramique"},"content":{"rendered":"\n<figure class=\"wp-block-image\"><img decoding=\"async\" src=\"https:\/\/img.ankorstore.com\/brands\/rounded\/7896-47cda02a337138.jpg?auto=format%2Ccompress&amp;fm=pjpg&amp;dpr=1&amp;w=72\" alt=\"MONDEX Poland\" \/><\/figure>\n\n\n\n<p>MONDEX Poland<\/p>\n","protected":false},"excerpt":{"rendered":"<p>Description<br \/>Sapin de No\u00ebl d\u00e9coratif.<br \/>Il est fait de c\u00e9ramique de haute qualit\u00e9. D\u00e9cor\u00e9 de couleur or. Gr\u00e2ce \u00e0 sa forme unique, c&rsquo;est un accessoire moderne et intemporel.<\/p>\n<p>Dimensions : <br \/>&#8211; Taille M<br \/>Hauteur : 19 cm<br \/>Longueur : 9,5 cm <br \/>Largeur : 10 cm<br \/>&#8211; Taille S<br \/>Hauteur : 17 cm <br \/>Longueur : 7,8 cm <br \/>Largeur : 7,2 cm<\/p>\n","protected":false},"featured_media":1202,"comment_status":"open","ping_status":"closed","template":"","meta":[],"product_brand":[],"product_cat":[31,145],"product_tag":[],"class_list":{"0":"post-1201","1":"product","2":"type-product","3":"status-publish","4":"has-post-thumbnail","6":"product_cat-noel","7":"product_cat-toute-la-collection","9":"first","10":"instock","11":"purchasable","12":"product-type-variable","13":"has-default-attributes","14":"customify-col","15":"product-has-gallery"},"mb":[],"jetpack_sharing_enabled":true,"mfb_rest_fields":["title","jetpack_sharing_enabled","gutenberg_elementor_mode"],"_links":{"self":[{"href":"https:\/\/dolati.shop\/index.php\/wp-json\/wp\/v2\/product\/1201","targetHints":{"allow":["GET"]}}],"collection":[{"href":"https:\/\/dolati.shop\/index.php\/wp-json\/wp\/v2\/product"}],"about":[{"href":"https:\/\/dolati.shop\/index.php\/wp-json\/wp\/v2\/types\/product"}],"replies":[{"embeddable":true,"href":"https:\/\/dolati.shop\/index.php\/wp-json\/wp\/v2\/comments?post=1201"}],"version-history":[{"count":1,"href":"https:\/\/dolati.shop\/index.php\/wp-json\/wp\/v2\/product\/1201\/revisions"}],"predecessor-version":[{"id":2603,"href":"https:\/\/dolati.shop\/index.php\/wp-json\/wp\/v2\/product\/1201\/revisions\/2603"}],"wp:featuredmedia":[{"embeddable":true,"href":"https:\/\/dolati.shop\/index.php\/wp-json\/wp\/v2\/media\/1202"}],"wp:attachment":[{"href":"https:\/\/dolati.shop\/index.php\/wp-json\/wp\/v2\/media?parent=1201"}],"wp:term":[{"taxonomy":"product_brand","embeddable":true,"href":"https:\/\/dolati.shop\/index.php\/wp-json\/wp\/v2\/product_brand?post=1201"},{"taxonomy":"product_cat","embeddable":true,"href":"https:\/\/dolati.shop\/index.php\/wp-json\/wp\/v2\/product_cat?post=1201"},{"taxonomy":"product_tag","embeddable":true,"href":"https:\/\/dolati.shop\/index.php\/wp-json\/wp\/v2\/product_tag?post=1201"}],"curies":[{"name":"wp","href":"https:\/\/api.w.org\/{rel}","templated":true}]}}