{"id":1197,"date":"2023-10-27T16:40:28","date_gmt":"2023-10-27T14:40:28","guid":{"rendered":"https:\/\/dolati.shop\/?post_type=product&#038;p=1197"},"modified":"2024-02-07T16:17:32","modified_gmt":"2024-02-07T15:17:32","slug":"theiere-dentelle-1l","status":"publish","type":"product","link":"https:\/\/dolati.shop\/index.php\/product\/theiere-dentelle-1l\/","title":{"rendered":"Th\u00e9i\u00e8re DENTELLE 1L"},"content":{"rendered":"","protected":false},"excerpt":{"rendered":"<p>Description<br \/>Th\u00e9i\u00e8re en porcelaine. Orn\u00e9 d&rsquo;un d\u00e9licat motif de dentelle. <br \/>Peut \u00eatre lav\u00e9 au lave-vaisselle et passer au micro-ondes. <\/p>\n<p>Capacit\u00e9 1000 ml<\/p>\n<p>Mat\u00e9riaux<br \/>porcelaine<\/p>\n","protected":false},"featured_media":1198,"comment_status":"open","ping_status":"closed","template":"","meta":[],"product_brand":[],"product_cat":[145,65],"product_tag":[],"class_list":{"0":"post-1197","1":"product","2":"type-product","3":"status-publish","4":"has-post-thumbnail","6":"product_cat-toute-la-collection","7":"product_cat-vaisselle","9":"first","10":"instock","11":"purchasable","12":"product-type-simple","13":"customify-col"},"mb":[],"jetpack_sharing_enabled":true,"mfb_rest_fields":["title","jetpack_sharing_enabled","gutenberg_elementor_mode"],"_links":{"self":[{"href":"https:\/\/dolati.shop\/index.php\/wp-json\/wp\/v2\/product\/1197","targetHints":{"allow":["GET"]}}],"collection":[{"href":"https:\/\/dolati.shop\/index.php\/wp-json\/wp\/v2\/product"}],"about":[{"href":"https:\/\/dolati.shop\/index.php\/wp-json\/wp\/v2\/types\/product"}],"replies":[{"embeddable":true,"href":"https:\/\/dolati.shop\/index.php\/wp-json\/wp\/v2\/comments?post=1197"}],"version-history":[{"count":1,"href":"https:\/\/dolati.shop\/index.php\/wp-json\/wp\/v2\/product\/1197\/revisions"}],"predecessor-version":[{"id":2604,"href":"https:\/\/dolati.shop\/index.php\/wp-json\/wp\/v2\/product\/1197\/revisions\/2604"}],"wp:featuredmedia":[{"embeddable":true,"href":"https:\/\/dolati.shop\/index.php\/wp-json\/wp\/v2\/media\/1198"}],"wp:attachment":[{"href":"https:\/\/dolati.shop\/index.php\/wp-json\/wp\/v2\/media?parent=1197"}],"wp:term":[{"taxonomy":"product_brand","embeddable":true,"href":"https:\/\/dolati.shop\/index.php\/wp-json\/wp\/v2\/product_brand?post=1197"},{"taxonomy":"product_cat","embeddable":true,"href":"https:\/\/dolati.shop\/index.php\/wp-json\/wp\/v2\/product_cat?post=1197"},{"taxonomy":"product_tag","embeddable":true,"href":"https:\/\/dolati.shop\/index.php\/wp-json\/wp\/v2\/product_tag?post=1197"}],"curies":[{"name":"wp","href":"https:\/\/api.w.org\/{rel}","templated":true}]}}