{"id":1185,"date":"2023-10-27T16:14:31","date_gmt":"2023-10-27T14:14:31","guid":{"rendered":"https:\/\/dolati.shop\/?post_type=product&#038;p=1185"},"modified":"2023-12-21T18:32:07","modified_gmt":"2023-12-21T17:32:07","slug":"vase-en-ceramique-visage-a-deux-mains","status":"publish","type":"product","link":"https:\/\/dolati.shop\/index.php\/product\/vase-en-ceramique-visage-a-deux-mains\/","title":{"rendered":"Vase en c\u00e9ramique visage \u00e0 deux mains &#8211; H34cm"},"content":{"rendered":"\n<figure class=\"wp-block-image\"><img decoding=\"async\" src=\"https:\/\/img.ankorstore.com\/brands\/rounded\/11303-47e0025ffe8fae.jpg?auto=format%2Ccompress&amp;fm=pjpg&amp;dpr=1&amp;w=72\" alt=\"Oito.Atelier\" \/><\/figure>\n\n\n\n<p>Oito.Atelier<\/p>\n","protected":false},"excerpt":{"rendered":"<p>Description<br \/>Vase en c\u00e9ramique visage \u00e0 deux mains<\/p>\n<p>Disponible en : blanc, cr\u00e8me et noir<\/p>\n<p>Dimensions<br \/>Hauteur : 34 cm <br \/>Diam\u00e8tre : 22 cm <br \/>Dimensions du vase : <br \/>12,5 cm de diam\u00e8tre<br \/>15 cm de haut<\/p>\n<p>Mat\u00e9riaux<br \/>C\u00e9ramique<br \/>Toutes les pi\u00e8ces sont fabriqu\u00e9es et peintes \u00e0 la main.<\/p>\n<p>Attention : vase poreux<\/p>\n","protected":false},"featured_media":2704,"comment_status":"open","ping_status":"closed","template":"","meta":[],"product_brand":[],"product_cat":[145,28],"product_tag":[],"class_list":{"0":"post-1185","1":"product","2":"type-product","3":"status-publish","4":"has-post-thumbnail","6":"product_cat-toute-la-collection","7":"product_cat-vases","9":"first","10":"instock","11":"purchasable","12":"product-type-variable","13":"has-default-attributes","14":"customify-col","15":"product-has-gallery"},"mb":[],"jetpack_sharing_enabled":true,"mfb_rest_fields":["title","jetpack_sharing_enabled","gutenberg_elementor_mode"],"_links":{"self":[{"href":"https:\/\/dolati.shop\/index.php\/wp-json\/wp\/v2\/product\/1185","targetHints":{"allow":["GET"]}}],"collection":[{"href":"https:\/\/dolati.shop\/index.php\/wp-json\/wp\/v2\/product"}],"about":[{"href":"https:\/\/dolati.shop\/index.php\/wp-json\/wp\/v2\/types\/product"}],"replies":[{"embeddable":true,"href":"https:\/\/dolati.shop\/index.php\/wp-json\/wp\/v2\/comments?post=1185"}],"version-history":[{"count":4,"href":"https:\/\/dolati.shop\/index.php\/wp-json\/wp\/v2\/product\/1185\/revisions"}],"predecessor-version":[{"id":2839,"href":"https:\/\/dolati.shop\/index.php\/wp-json\/wp\/v2\/product\/1185\/revisions\/2839"}],"wp:featuredmedia":[{"embeddable":true,"href":"https:\/\/dolati.shop\/index.php\/wp-json\/wp\/v2\/media\/2704"}],"wp:attachment":[{"href":"https:\/\/dolati.shop\/index.php\/wp-json\/wp\/v2\/media?parent=1185"}],"wp:term":[{"taxonomy":"product_brand","embeddable":true,"href":"https:\/\/dolati.shop\/index.php\/wp-json\/wp\/v2\/product_brand?post=1185"},{"taxonomy":"product_cat","embeddable":true,"href":"https:\/\/dolati.shop\/index.php\/wp-json\/wp\/v2\/product_cat?post=1185"},{"taxonomy":"product_tag","embeddable":true,"href":"https:\/\/dolati.shop\/index.php\/wp-json\/wp\/v2\/product_tag?post=1185"}],"curies":[{"name":"wp","href":"https:\/\/api.w.org\/{rel}","templated":true}]}}