{"id":1173,"date":"2023-10-27T15:32:41","date_gmt":"2023-10-27T13:32:41","guid":{"rendered":"https:\/\/dolati.shop\/?post_type=product&#038;p=1173"},"modified":"2026-04-23T15:03:17","modified_gmt":"2026-04-23T13:03:17","slug":"petit-panier-de-pique-nique","status":"publish","type":"product","link":"https:\/\/dolati.shop\/index.php\/product\/petit-panier-de-pique-nique\/","title":{"rendered":"Petit panier de pique-nique"},"content":{"rendered":"\n<figure class=\"wp-block-image\"><img decoding=\"async\" src=\"https:\/\/img.ankorstore.com\/brands\/rounded\/2202-47c4bad897b4da.jpg?auto=format%2Ccompress&amp;fm=pjpg&amp;dpr=1&amp;w=72\" alt=\"ARTESANIA LA PALMA\" \/><\/figure>\n\n\n\n<p>ARTESANIA LA PALMA<\/p>\n","protected":false},"excerpt":{"rendered":"<p>Description<br \/>Panier pique-nique en palmier et canne. Id\u00e9al pour aller manger \u00e0 la campagne ou transporter des affaires de plage, le sable reste l\u00e0 !<\/p>\n<p>Dimensions<br \/>22 X 15 x16 cm Environ<br \/>Fait main<\/p>\n","protected":false},"featured_media":1174,"comment_status":"open","ping_status":"closed","template":"","meta":[],"product_brand":[],"product_cat":[79,145],"product_tag":[],"class_list":{"0":"post-1173","1":"product","2":"type-product","3":"status-publish","4":"has-post-thumbnail","6":"product_cat-paniers","7":"product_cat-toute-la-collection","9":"first","10":"instock","11":"purchasable","12":"product-type-simple","13":"customify-col"},"mb":[],"jetpack_sharing_enabled":true,"mfb_rest_fields":["title","jetpack_sharing_enabled","gutenberg_elementor_mode"],"_links":{"self":[{"href":"https:\/\/dolati.shop\/index.php\/wp-json\/wp\/v2\/product\/1173","targetHints":{"allow":["GET"]}}],"collection":[{"href":"https:\/\/dolati.shop\/index.php\/wp-json\/wp\/v2\/product"}],"about":[{"href":"https:\/\/dolati.shop\/index.php\/wp-json\/wp\/v2\/types\/product"}],"replies":[{"embeddable":true,"href":"https:\/\/dolati.shop\/index.php\/wp-json\/wp\/v2\/comments?post=1173"}],"version-history":[{"count":1,"href":"https:\/\/dolati.shop\/index.php\/wp-json\/wp\/v2\/product\/1173\/revisions"}],"predecessor-version":[{"id":2609,"href":"https:\/\/dolati.shop\/index.php\/wp-json\/wp\/v2\/product\/1173\/revisions\/2609"}],"wp:featuredmedia":[{"embeddable":true,"href":"https:\/\/dolati.shop\/index.php\/wp-json\/wp\/v2\/media\/1174"}],"wp:attachment":[{"href":"https:\/\/dolati.shop\/index.php\/wp-json\/wp\/v2\/media?parent=1173"}],"wp:term":[{"taxonomy":"product_brand","embeddable":true,"href":"https:\/\/dolati.shop\/index.php\/wp-json\/wp\/v2\/product_brand?post=1173"},{"taxonomy":"product_cat","embeddable":true,"href":"https:\/\/dolati.shop\/index.php\/wp-json\/wp\/v2\/product_cat?post=1173"},{"taxonomy":"product_tag","embeddable":true,"href":"https:\/\/dolati.shop\/index.php\/wp-json\/wp\/v2\/product_tag?post=1173"}],"curies":[{"name":"wp","href":"https:\/\/api.w.org\/{rel}","templated":true}]}}