{"id":1165,"date":"2023-10-27T12:15:19","date_gmt":"2023-10-27T10:15:19","guid":{"rendered":"https:\/\/dolati.shop\/?post_type=product&#038;p=1165"},"modified":"2024-11-29T16:51:23","modified_gmt":"2024-11-29T15:51:23","slug":"grand-pot-en-ceramique-rose-pichet-cruche-carafe","status":"publish","type":"product","link":"https:\/\/dolati.shop\/index.php\/product\/grand-pot-en-ceramique-rose-pichet-cruche-carafe\/","title":{"rendered":"Grand Pot en C\u00e9ramique (Rose) pichet, cruche, carafe"},"content":{"rendered":"\n<figure class=\"wp-block-image\"><img decoding=\"async\" src=\"https:\/\/img.ankorstore.com\/brands\/rounded\/19530-47df4333e861db.jpg?auto=format%2Ccompress&amp;fm=pjpg&amp;dpr=1&amp;w=72\" alt=\"RNT by Really Nice Things\" \/><\/figure>\n\n\n\n<p>RNT by Really Nice Things<\/p>\n","protected":false},"excerpt":{"rendered":"<p>Description<br \/>Cruche en c\u00e9ramique fabriqu\u00e9e \u00e0 la main avec des m\u00e9thodes ancestrales \u00e0 Manises (Valence), Cuite \u00e0 1100\u00ba, peinte \u00e0 la main par Vicenta avec plus de 30 ans dans le commerce.<br \/>\u00c9mail sans plomb \u00e0 usage alimentaire.<\/p>\n<p>Des pi\u00e8ces uniques avec une \u00e2me pour les amoureux de la philosophie slow life et con\u00e7ues pour se transmettre de g\u00e9n\u00e9ration en g\u00e9n\u00e9ration.<\/p>\n<p>Contenance : 1,6 L<\/p>\n<p>Passe au four, moins de 160\u00ba<br \/>Micro-ondes oui<\/p>\n<p>Dimensions<br \/>17x21x12.5cm<\/p>\n","protected":false},"featured_media":3098,"comment_status":"open","ping_status":"closed","template":"","meta":[],"product_brand":[],"product_cat":[145,65],"product_tag":[],"class_list":{"0":"post-1165","1":"product","2":"type-product","3":"status-publish","4":"has-post-thumbnail","6":"product_cat-toute-la-collection","7":"product_cat-vaisselle","9":"first","10":"instock","11":"purchasable","12":"product-type-simple","13":"customify-col","14":"product-has-gallery"},"mb":[],"jetpack_sharing_enabled":true,"mfb_rest_fields":["title","jetpack_sharing_enabled","gutenberg_elementor_mode"],"_links":{"self":[{"href":"https:\/\/dolati.shop\/index.php\/wp-json\/wp\/v2\/product\/1165","targetHints":{"allow":["GET"]}}],"collection":[{"href":"https:\/\/dolati.shop\/index.php\/wp-json\/wp\/v2\/product"}],"about":[{"href":"https:\/\/dolati.shop\/index.php\/wp-json\/wp\/v2\/types\/product"}],"replies":[{"embeddable":true,"href":"https:\/\/dolati.shop\/index.php\/wp-json\/wp\/v2\/comments?post=1165"}],"version-history":[{"count":4,"href":"https:\/\/dolati.shop\/index.php\/wp-json\/wp\/v2\/product\/1165\/revisions"}],"predecessor-version":[{"id":3104,"href":"https:\/\/dolati.shop\/index.php\/wp-json\/wp\/v2\/product\/1165\/revisions\/3104"}],"wp:featuredmedia":[{"embeddable":true,"href":"https:\/\/dolati.shop\/index.php\/wp-json\/wp\/v2\/media\/3098"}],"wp:attachment":[{"href":"https:\/\/dolati.shop\/index.php\/wp-json\/wp\/v2\/media?parent=1165"}],"wp:term":[{"taxonomy":"product_brand","embeddable":true,"href":"https:\/\/dolati.shop\/index.php\/wp-json\/wp\/v2\/product_brand?post=1165"},{"taxonomy":"product_cat","embeddable":true,"href":"https:\/\/dolati.shop\/index.php\/wp-json\/wp\/v2\/product_cat?post=1165"},{"taxonomy":"product_tag","embeddable":true,"href":"https:\/\/dolati.shop\/index.php\/wp-json\/wp\/v2\/product_tag?post=1165"}],"curies":[{"name":"wp","href":"https:\/\/api.w.org\/{rel}","templated":true}]}}