{"id":1155,"date":"2023-10-27T11:44:36","date_gmt":"2023-10-27T09:44:36","guid":{"rendered":"https:\/\/dolati.shop\/?post_type=product&#038;p=1155"},"modified":"2023-11-23T10:02:42","modified_gmt":"2023-11-23T09:02:42","slug":"petite-boite-en-raphia","status":"publish","type":"product","link":"https:\/\/dolati.shop\/index.php\/product\/petite-boite-en-raphia\/","title":{"rendered":"Petite bo\u00eete en raphia"},"content":{"rendered":"\n<figure class=\"wp-block-image\"><img decoding=\"async\" src=\"https:\/\/img.ankorstore.com\/brands\/rounded\/10273-47dfa2ad7ace47.jpg?auto=format%2Ccompress&amp;fm=pjpg&amp;dpr=1&amp;w=72\" alt=\"HYDILE\" \/><\/figure>\n\n\n\n<p>HYDILE<\/p>\n","protected":false},"excerpt":{"rendered":"<p>Description<br \/>Petite bo\u00eete d\u00e9co en raphia naturel<\/p>\n<p>Cette petite boite naturelle peut servir de vide poche ou bien simplement d&rsquo;\u00e9l\u00e9ment de d\u00e9coration dans un int\u00e9rieur.<\/p>\n<p>Cette cr\u00e9ation artisanale apporte une touche de naturellement boh\u00e8me.<\/p>\n<p>\u00c0 d\u00e9poser sur une commode ou sur une table: c&rsquo;est un \u00e9l\u00e9ment-cl\u00e9 pour ranger et d\u00e9corer avec style !<\/p>\n<p>Les boites berb\u00e8res sont enti\u00e8rement r\u00e9alis\u00e9es \u00e0 la main par des artisans, les couleurs, tailles et formes peuvent l\u00e9g\u00e8rement varier.<\/p>\n<p><strong>Dimensions<\/strong><br \/>Longueur 12 cm<br \/>Largeur 12 cm<br \/>Hauteur 12 cm<\/p>\n<p>Mat\u00e9riaux<br \/>Raphia naturel<\/p>\n<p>Fait main<\/p>\n","protected":false},"featured_media":1156,"comment_status":"open","ping_status":"closed","template":"","meta":[],"product_brand":[],"product_cat":[72,145],"product_tag":[],"class_list":{"0":"post-1155","1":"product","2":"type-product","3":"status-publish","4":"has-post-thumbnail","6":"product_cat-decoration-a-poser","7":"product_cat-toute-la-collection","9":"first","10":"instock","11":"purchasable","12":"product-type-simple","13":"customify-col","14":"product-has-gallery"},"mb":[],"jetpack_sharing_enabled":true,"mfb_rest_fields":["title","jetpack_sharing_enabled","gutenberg_elementor_mode"],"_links":{"self":[{"href":"https:\/\/dolati.shop\/index.php\/wp-json\/wp\/v2\/product\/1155","targetHints":{"allow":["GET"]}}],"collection":[{"href":"https:\/\/dolati.shop\/index.php\/wp-json\/wp\/v2\/product"}],"about":[{"href":"https:\/\/dolati.shop\/index.php\/wp-json\/wp\/v2\/types\/product"}],"replies":[{"embeddable":true,"href":"https:\/\/dolati.shop\/index.php\/wp-json\/wp\/v2\/comments?post=1155"}],"version-history":[{"count":1,"href":"https:\/\/dolati.shop\/index.php\/wp-json\/wp\/v2\/product\/1155\/revisions"}],"predecessor-version":[{"id":2615,"href":"https:\/\/dolati.shop\/index.php\/wp-json\/wp\/v2\/product\/1155\/revisions\/2615"}],"wp:featuredmedia":[{"embeddable":true,"href":"https:\/\/dolati.shop\/index.php\/wp-json\/wp\/v2\/media\/1156"}],"wp:attachment":[{"href":"https:\/\/dolati.shop\/index.php\/wp-json\/wp\/v2\/media?parent=1155"}],"wp:term":[{"taxonomy":"product_brand","embeddable":true,"href":"https:\/\/dolati.shop\/index.php\/wp-json\/wp\/v2\/product_brand?post=1155"},{"taxonomy":"product_cat","embeddable":true,"href":"https:\/\/dolati.shop\/index.php\/wp-json\/wp\/v2\/product_cat?post=1155"},{"taxonomy":"product_tag","embeddable":true,"href":"https:\/\/dolati.shop\/index.php\/wp-json\/wp\/v2\/product_tag?post=1155"}],"curies":[{"name":"wp","href":"https:\/\/api.w.org\/{rel}","templated":true}]}}