{"id":1099,"date":"2023-10-27T09:52:09","date_gmt":"2023-10-27T07:52:09","guid":{"rendered":"https:\/\/dolati.shop\/?post_type=product&#038;p=1099"},"modified":"2026-04-24T08:32:00","modified_gmt":"2026-04-24T06:32:00","slug":"bougeoir-lago-bougeoir-en-ceramique-avec-glacure-orange-brule-et-dessus-en-laiton","status":"publish","type":"product","link":"https:\/\/dolati.shop\/index.php\/product\/bougeoir-lago-bougeoir-en-ceramique-avec-glacure-orange-brule-et-dessus-en-laiton\/","title":{"rendered":"Bougeoir Lago &#8211; Bougeoir en c\u00e9ramique avec gla\u00e7ure orange br\u00fbl\u00e9 et dessus en  H10cm"},"content":{"rendered":"\n<figure class=\"wp-block-image\"><img decoding=\"async\" src=\"https:\/\/img.ankorstore.com\/brands\/rounded\/6070-47d6fbfd5b7b1f.jpg?auto=format%2Ccompress&amp;fm=pjpg&amp;dpr=1&amp;w=72\" alt=\"House Nordic\" \/><\/figure>\n\n\n\n<p>House Nordic<\/p>\n","protected":false},"excerpt":{"rendered":"<p>Description<br \/>Bougeoir en c\u00e9ramique<\/p>\n<p>Dimensions<br \/>5 cm x 5 cm x 10 cm<\/p>\n<p>Mat\u00e9riaux<br \/>C\u00e9ramique<\/p>\n","protected":false},"featured_media":1509,"comment_status":"open","ping_status":"closed","template":"","meta":[],"product_brand":[],"product_cat":[129,145],"product_tag":[],"class_list":{"0":"post-1099","1":"product","2":"type-product","3":"status-publish","4":"has-post-thumbnail","6":"product_cat-bougeoirs","7":"product_cat-toute-la-collection","9":"first","10":"instock","11":"purchasable","12":"product-type-simple","13":"customify-col","14":"product-has-gallery"},"mb":[],"jetpack_sharing_enabled":true,"mfb_rest_fields":["title","jetpack_sharing_enabled","gutenberg_elementor_mode"],"_links":{"self":[{"href":"https:\/\/dolati.shop\/index.php\/wp-json\/wp\/v2\/product\/1099","targetHints":{"allow":["GET"]}}],"collection":[{"href":"https:\/\/dolati.shop\/index.php\/wp-json\/wp\/v2\/product"}],"about":[{"href":"https:\/\/dolati.shop\/index.php\/wp-json\/wp\/v2\/types\/product"}],"replies":[{"embeddable":true,"href":"https:\/\/dolati.shop\/index.php\/wp-json\/wp\/v2\/comments?post=1099"}],"version-history":[{"count":1,"href":"https:\/\/dolati.shop\/index.php\/wp-json\/wp\/v2\/product\/1099\/revisions"}],"predecessor-version":[{"id":2620,"href":"https:\/\/dolati.shop\/index.php\/wp-json\/wp\/v2\/product\/1099\/revisions\/2620"}],"wp:featuredmedia":[{"embeddable":true,"href":"https:\/\/dolati.shop\/index.php\/wp-json\/wp\/v2\/media\/1509"}],"wp:attachment":[{"href":"https:\/\/dolati.shop\/index.php\/wp-json\/wp\/v2\/media?parent=1099"}],"wp:term":[{"taxonomy":"product_brand","embeddable":true,"href":"https:\/\/dolati.shop\/index.php\/wp-json\/wp\/v2\/product_brand?post=1099"},{"taxonomy":"product_cat","embeddable":true,"href":"https:\/\/dolati.shop\/index.php\/wp-json\/wp\/v2\/product_cat?post=1099"},{"taxonomy":"product_tag","embeddable":true,"href":"https:\/\/dolati.shop\/index.php\/wp-json\/wp\/v2\/product_tag?post=1099"}],"curies":[{"name":"wp","href":"https:\/\/api.w.org\/{rel}","templated":true}]}}