{"id":1069,"date":"2023-10-25T22:40:54","date_gmt":"2023-10-25T20:40:54","guid":{"rendered":"https:\/\/dolati.shop\/?post_type=product&#038;p=1069"},"modified":"2023-11-23T10:02:44","modified_gmt":"2023-11-23T09:02:44","slug":"photophore-house-noir-55x55x9cm","status":"publish","type":"product","link":"https:\/\/dolati.shop\/index.php\/product\/photophore-house-noir-55x55x9cm\/","title":{"rendered":"Photophore House noir &#8211; 5,5&#215;5,5x9cm"},"content":{"rendered":"","protected":false},"excerpt":{"rendered":"<p>Description<br \/>Une table \u00e0 d\u00eener sans bougeoirs est une table \u00e0 d\u00eener sans \u00e2me. Les bougeoirs sont jolis \u00e0 voir et apportent beaucoup d\u2019ambiance. Vous n\u2019aurez jamais trop de bougeoirs, car vous pouvez les m\u00e9langer et les assortir autant que vous le souhaitez. Ce photophore maison dor\u00e9e vous offrira un \u00e9clat dor\u00e9.<\/p>\n<p>Dimensions<br \/>5,5&#215;5,5x9cm<\/p>\n<p>Poids net<br \/>103 grammes<\/p>\n<p>Mat\u00e9riaux<br \/>c\u00e9ramique<\/p>\n","protected":false},"featured_media":1070,"comment_status":"open","ping_status":"closed","template":"","meta":[],"product_brand":[],"product_cat":[72,145],"product_tag":[],"class_list":{"0":"post-1069","1":"product","2":"type-product","3":"status-publish","4":"has-post-thumbnail","6":"product_cat-decoration-a-poser","7":"product_cat-toute-la-collection","9":"first","10":"instock","11":"purchasable","12":"product-type-simple","13":"customify-col"},"mb":[],"jetpack_sharing_enabled":true,"mfb_rest_fields":["title","jetpack_sharing_enabled","gutenberg_elementor_mode"],"_links":{"self":[{"href":"https:\/\/dolati.shop\/index.php\/wp-json\/wp\/v2\/product\/1069","targetHints":{"allow":["GET"]}}],"collection":[{"href":"https:\/\/dolati.shop\/index.php\/wp-json\/wp\/v2\/product"}],"about":[{"href":"https:\/\/dolati.shop\/index.php\/wp-json\/wp\/v2\/types\/product"}],"replies":[{"embeddable":true,"href":"https:\/\/dolati.shop\/index.php\/wp-json\/wp\/v2\/comments?post=1069"}],"version-history":[{"count":1,"href":"https:\/\/dolati.shop\/index.php\/wp-json\/wp\/v2\/product\/1069\/revisions"}],"predecessor-version":[{"id":2627,"href":"https:\/\/dolati.shop\/index.php\/wp-json\/wp\/v2\/product\/1069\/revisions\/2627"}],"wp:featuredmedia":[{"embeddable":true,"href":"https:\/\/dolati.shop\/index.php\/wp-json\/wp\/v2\/media\/1070"}],"wp:attachment":[{"href":"https:\/\/dolati.shop\/index.php\/wp-json\/wp\/v2\/media?parent=1069"}],"wp:term":[{"taxonomy":"product_brand","embeddable":true,"href":"https:\/\/dolati.shop\/index.php\/wp-json\/wp\/v2\/product_brand?post=1069"},{"taxonomy":"product_cat","embeddable":true,"href":"https:\/\/dolati.shop\/index.php\/wp-json\/wp\/v2\/product_cat?post=1069"},{"taxonomy":"product_tag","embeddable":true,"href":"https:\/\/dolati.shop\/index.php\/wp-json\/wp\/v2\/product_tag?post=1069"}],"curies":[{"name":"wp","href":"https:\/\/api.w.org\/{rel}","templated":true}]}}