{"id":1062,"date":"2023-10-25T18:42:32","date_gmt":"2023-10-25T16:42:32","guid":{"rendered":"https:\/\/dolati.shop\/?post_type=product&#038;p=1062"},"modified":"2025-09-10T11:46:29","modified_gmt":"2025-09-10T09:46:29","slug":"botijo-valencien-en-ceramique-1l-h24cm","status":"publish","type":"product","link":"https:\/\/dolati.shop\/index.php\/product\/botijo-valencien-en-ceramique-1l-h24cm\/","title":{"rendered":"Botijo valencien en c\u00e9ramique"},"content":{"rendered":"\n<figure class=\"wp-block-image\"><img decoding=\"async\" src=\"https:\/\/img.ankorstore.com\/brands\/rounded\/20620-47df898368c066.jpg?auto=format%2Ccompress&amp;fm=pjpg&amp;dpr=1&amp;w=72\" alt=\"ALFARER\u00cdA LA NAV\u00c0\" \/><\/figure>\n\n\n\n<p>ALFARER\u00cdA LA NAV\u00c0<\/p>\n","protected":false},"excerpt":{"rendered":"<p>Description<br \/>Accessoire de d\u00e9coration au caract\u00e8re m\u00e9diterran\u00e9en marqu\u00e9.<\/p>\n<p>La cruche est id\u00e9ale pour rafra\u00eechir l&rsquo;eau de mani\u00e8re naturelle et \u00e9cologique.<br \/>Pour son utilisation, nous conseillons de placer une assiette sous la pi\u00e8ce pour recueillir l&rsquo;eau<br \/>qui suinte.<br \/>Chaque pi\u00e8ce est faite \u00e0 la main et unique, donc vous trouverez des imperfections et des marques.<br \/>L&rsquo;artisanat est perceptibles dans chaque pi\u00e8ce. <br \/>Mesures et couleur refl\u00e9t\u00e9e peuvent varier en raison du processus d&rsquo;\u00e9laboration.<\/p>\n<p>Avant de commencer \u00e0 boire de la cruche, nous vous recommandons de rincer la pi\u00e8ce \u00e0 l&rsquo;int\u00e9rieur et \u00e0 l&rsquo;ext\u00e9rieur. Remplissez-la d&rsquo;eau et videz-la le lendemain.<br \/>Sa partie ext\u00e9rieure doit \u00eatre nettoy\u00e9e r\u00e9guli\u00e8rement avec une \u00e9ponge et sans savon. <\/p>\n<p><strong>Dimensions<\/strong><br \/>Taille S : 1L<br \/> Longueur 13 cm<br \/> Largeur 13 cm<br \/>Hauteur 24 cm<\/p>\n<p>Taille M : 2L<br \/>Longueur 16 cm<br \/>Largeur 16 cm<br \/>Hauteur 29 cm<\/p>\n<p>Composition<br \/>argile traditionnelle avec du sel<\/p>\n<p>Fait main<br \/>Fabriqu\u00e9 en Espagne<\/p>\n","protected":false},"featured_media":1060,"comment_status":"open","ping_status":"closed","template":"","meta":[],"product_brand":[],"product_cat":[72,145],"product_tag":[],"class_list":{"0":"post-1062","1":"product","2":"type-product","3":"status-publish","4":"has-post-thumbnail","6":"product_cat-decoration-a-poser","7":"product_cat-toute-la-collection","9":"first","10":"instock","11":"purchasable","12":"product-type-variable","13":"has-default-attributes","14":"customify-col","15":"product-has-gallery"},"mb":[],"jetpack_sharing_enabled":true,"mfb_rest_fields":["title","jetpack_sharing_enabled","gutenberg_elementor_mode"],"_links":{"self":[{"href":"https:\/\/dolati.shop\/index.php\/wp-json\/wp\/v2\/product\/1062","targetHints":{"allow":["GET"]}}],"collection":[{"href":"https:\/\/dolati.shop\/index.php\/wp-json\/wp\/v2\/product"}],"about":[{"href":"https:\/\/dolati.shop\/index.php\/wp-json\/wp\/v2\/types\/product"}],"replies":[{"embeddable":true,"href":"https:\/\/dolati.shop\/index.php\/wp-json\/wp\/v2\/comments?post=1062"}],"version-history":[{"count":3,"href":"https:\/\/dolati.shop\/index.php\/wp-json\/wp\/v2\/product\/1062\/revisions"}],"predecessor-version":[{"id":2736,"href":"https:\/\/dolati.shop\/index.php\/wp-json\/wp\/v2\/product\/1062\/revisions\/2736"}],"wp:featuredmedia":[{"embeddable":true,"href":"https:\/\/dolati.shop\/index.php\/wp-json\/wp\/v2\/media\/1060"}],"wp:attachment":[{"href":"https:\/\/dolati.shop\/index.php\/wp-json\/wp\/v2\/media?parent=1062"}],"wp:term":[{"taxonomy":"product_brand","embeddable":true,"href":"https:\/\/dolati.shop\/index.php\/wp-json\/wp\/v2\/product_brand?post=1062"},{"taxonomy":"product_cat","embeddable":true,"href":"https:\/\/dolati.shop\/index.php\/wp-json\/wp\/v2\/product_cat?post=1062"},{"taxonomy":"product_tag","embeddable":true,"href":"https:\/\/dolati.shop\/index.php\/wp-json\/wp\/v2\/product_tag?post=1062"}],"curies":[{"name":"wp","href":"https:\/\/api.w.org\/{rel}","templated":true}]}}