{"id":1054,"date":"2023-10-25T17:43:06","date_gmt":"2023-10-25T15:43:06","guid":{"rendered":"https:\/\/dolati.shop\/?post_type=product&#038;p=1054"},"modified":"2024-01-08T09:10:22","modified_gmt":"2024-01-08T08:10:22","slug":"vase-ceramique-h23cm","status":"publish","type":"product","link":"https:\/\/dolati.shop\/index.php\/product\/vase-ceramique-h23cm\/","title":{"rendered":"Vase C\u00e9ramique H23cm"},"content":{"rendered":"\n<figure class=\"wp-block-image\"><img decoding=\"async\" src=\"https:\/\/img.ankorstore.com\/brands\/rounded\/20620-47df898368c066.jpg?auto=format%2Ccompress&amp;fm=pjpg&amp;dpr=1&amp;w=72\" alt=\"ALFARER\u00cdA LA NAV\u00c0\" \/><\/figure>\n\n\n\n<p>ALFARER\u00cdA LA NAV\u00c0<\/p>\n","protected":false},"excerpt":{"rendered":"<p>Description<br \/>Vase id\u00e9al pour la d\u00e9coration et con\u00e7u pour les fleurs s\u00e9ch\u00e9es.<br \/>Pr\u00e9sente une couleur blanche avec une texture rugueuse.<br \/>Il est fabriqu\u00e9 avec un pore ouvert, donc je d\u00e9conseille son utilisation avec de l&rsquo;eau, car il peut suinter au fil des heures. <br \/>Chaque pi\u00e8ce est faite \u00e0 la main et unique, vous trouverez donc des imperfections et des marques, les empreintes du savoir-faire sont perceptibles dans chaque pi\u00e8ce. <br \/>Les dimensions et la couleur sont indicatives et peuvent varier en raison du processus d&rsquo;\u00e9laboration.<\/p>\n<p><strong>Dimensions<\/strong><br \/>Longueur 10 cm<br \/>Largeur 10 cm<br \/>Hauteur 23 cm<\/p>\n<p>Composition<br \/>Loza blanca<\/p>\n<p>Fait main<br \/>Fabriqu\u00e9 en Espagne<\/p>\n","protected":false},"featured_media":1055,"comment_status":"open","ping_status":"closed","template":"","meta":[],"product_brand":[],"product_cat":[145,28],"product_tag":[],"class_list":{"0":"post-1054","1":"product","2":"type-product","3":"status-publish","4":"has-post-thumbnail","6":"product_cat-toute-la-collection","7":"product_cat-vases","9":"first","10":"instock","11":"purchasable","12":"product-type-simple","13":"customify-col"},"mb":[],"jetpack_sharing_enabled":true,"mfb_rest_fields":["title","jetpack_sharing_enabled","gutenberg_elementor_mode"],"_links":{"self":[{"href":"https:\/\/dolati.shop\/index.php\/wp-json\/wp\/v2\/product\/1054","targetHints":{"allow":["GET"]}}],"collection":[{"href":"https:\/\/dolati.shop\/index.php\/wp-json\/wp\/v2\/product"}],"about":[{"href":"https:\/\/dolati.shop\/index.php\/wp-json\/wp\/v2\/types\/product"}],"replies":[{"embeddable":true,"href":"https:\/\/dolati.shop\/index.php\/wp-json\/wp\/v2\/comments?post=1054"}],"version-history":[{"count":2,"href":"https:\/\/dolati.shop\/index.php\/wp-json\/wp\/v2\/product\/1054\/revisions"}],"predecessor-version":[{"id":2877,"href":"https:\/\/dolati.shop\/index.php\/wp-json\/wp\/v2\/product\/1054\/revisions\/2877"}],"wp:featuredmedia":[{"embeddable":true,"href":"https:\/\/dolati.shop\/index.php\/wp-json\/wp\/v2\/media\/1055"}],"wp:attachment":[{"href":"https:\/\/dolati.shop\/index.php\/wp-json\/wp\/v2\/media?parent=1054"}],"wp:term":[{"taxonomy":"product_brand","embeddable":true,"href":"https:\/\/dolati.shop\/index.php\/wp-json\/wp\/v2\/product_brand?post=1054"},{"taxonomy":"product_cat","embeddable":true,"href":"https:\/\/dolati.shop\/index.php\/wp-json\/wp\/v2\/product_cat?post=1054"},{"taxonomy":"product_tag","embeddable":true,"href":"https:\/\/dolati.shop\/index.php\/wp-json\/wp\/v2\/product_tag?post=1054"}],"curies":[{"name":"wp","href":"https:\/\/api.w.org\/{rel}","templated":true}]}}