{"id":1053,"date":"2023-10-25T17:27:59","date_gmt":"2023-10-25T15:27:59","guid":{"rendered":"https:\/\/dolati.shop\/?post_type=product&#038;p=1053"},"modified":"2025-05-11T23:48:55","modified_gmt":"2025-05-11T21:48:55","slug":"pichet-en-ceramique-gandien-taille-m","status":"publish","type":"product","link":"https:\/\/dolati.shop\/index.php\/product\/pichet-en-ceramique-gandien-taille-m\/","title":{"rendered":"Pichet en c\u00e9ramique gandien"},"content":{"rendered":"\n<figure class=\"wp-block-image\"><img decoding=\"async\" src=\"https:\/\/img.ankorstore.com\/brands\/rounded\/20620-47df898368c066.jpg?auto=format%2Ccompress&amp;fm=pjpg&amp;dpr=1&amp;w=72\" alt=\"ALFARER\u00cdA LA NAV\u00c0\" \/><\/figure>\n\n\n\n<p>ALFARER\u00cdA LA NAV\u00c0<\/p>\n","protected":false},"excerpt":{"rendered":"<p>Description<br \/>Cette pi\u00e8ce d\u00e9corative pr\u00e9sente un aspect rugeux et une texture blanc cass\u00e9.<br \/>Il est fabriqu\u00e9 avec un pore ouvert, je ne recommande donc pas son utilisation avec de l&rsquo;eau, car le liquide peut suinter au fil des heures.<br \/>Chaque pi\u00e8ce est faite \u00e0 la main et unique, donc vous trouverez des imperfections et des marques, l&rsquo;artisanat est perceptible dans chaque pi\u00e8ce. <br \/>Mesures et couleur refl\u00e9t\u00e9e sont indicatifs et peuvent varier en raison du processus d&rsquo;\u00e9laboration.<\/p>\n<p><strong>Dimensions<\/strong><br \/>Taille M :<br \/>Longueur 16 cm<br \/>Largeur 16 cm<br \/>Hauteur 28 cm<br \/>Taille S :<br \/>Longueur 15 cm <br \/>Largeur 15 cm<br \/>Hauteur 24 cm<\/p>\n<p>Fait main<br \/>Fabriqu\u00e9 en Espagne<\/p>\n","protected":false},"featured_media":1051,"comment_status":"open","ping_status":"closed","template":"","meta":[],"product_brand":[],"product_cat":[145,28],"product_tag":[],"class_list":{"0":"post-1053","1":"product","2":"type-product","3":"status-publish","4":"has-post-thumbnail","6":"product_cat-toute-la-collection","7":"product_cat-vases","9":"first","10":"instock","11":"purchasable","12":"product-type-variable","13":"has-default-attributes","14":"customify-col"},"mb":[],"jetpack_sharing_enabled":true,"mfb_rest_fields":["title","jetpack_sharing_enabled","gutenberg_elementor_mode"],"_links":{"self":[{"href":"https:\/\/dolati.shop\/index.php\/wp-json\/wp\/v2\/product\/1053","targetHints":{"allow":["GET"]}}],"collection":[{"href":"https:\/\/dolati.shop\/index.php\/wp-json\/wp\/v2\/product"}],"about":[{"href":"https:\/\/dolati.shop\/index.php\/wp-json\/wp\/v2\/types\/product"}],"replies":[{"embeddable":true,"href":"https:\/\/dolati.shop\/index.php\/wp-json\/wp\/v2\/comments?post=1053"}],"version-history":[{"count":1,"href":"https:\/\/dolati.shop\/index.php\/wp-json\/wp\/v2\/product\/1053\/revisions"}],"predecessor-version":[{"id":2631,"href":"https:\/\/dolati.shop\/index.php\/wp-json\/wp\/v2\/product\/1053\/revisions\/2631"}],"wp:featuredmedia":[{"embeddable":true,"href":"https:\/\/dolati.shop\/index.php\/wp-json\/wp\/v2\/media\/1051"}],"wp:attachment":[{"href":"https:\/\/dolati.shop\/index.php\/wp-json\/wp\/v2\/media?parent=1053"}],"wp:term":[{"taxonomy":"product_brand","embeddable":true,"href":"https:\/\/dolati.shop\/index.php\/wp-json\/wp\/v2\/product_brand?post=1053"},{"taxonomy":"product_cat","embeddable":true,"href":"https:\/\/dolati.shop\/index.php\/wp-json\/wp\/v2\/product_cat?post=1053"},{"taxonomy":"product_tag","embeddable":true,"href":"https:\/\/dolati.shop\/index.php\/wp-json\/wp\/v2\/product_tag?post=1053"}],"curies":[{"name":"wp","href":"https:\/\/api.w.org\/{rel}","templated":true}]}}